{"id":1421,"date":"2023-06-26T19:08:26","date_gmt":"2023-06-26T17:08:26","guid":{"rendered":"https:\/\/rivieraboatparty.com\/?page_id=1421"},"modified":"2023-07-29T16:56:15","modified_gmt":"2023-07-29T14:56:15","slug":"allgemeine-geschaeftsbedingungen","status":"publish","type":"page","link":"https:\/\/rivieraboatparty.com\/de\/allgemeine-geschaeftsbedingungen\/","title":{"rendered":"Bedingungen und Konditionen"},"content":{"rendered":"<h2>ALLGEMEINE GESCH\u00c4FTSBEDINGUNGEN<\/h2>\n<p><strong>Definitionen<\/strong><\/p>\n<p>1.1 In diesen Allgemeinen Gesch\u00e4ftsbedingungen haben die folgenden Begriffe (sowohl im Singular als auch im Plural) die folgende Bedeutung:<br \/>\n&#8211; Allgemeine Gesch\u00e4ftsbedingungen&#8220;, die Allgemeinen Gesch\u00e4ftsbedingungen von Riviera Boat Party;<\/p>\n<p>&#8211; Veranstaltung&#8220;: die \u00f6ffentliche oder private Veranstaltung, bei der &#8211; beispielhaft, aber nicht ausschlie\u00dflich &#8211; eine Aktivit\u00e4t mit touristischem Charakter stattfindet, einschlie\u00dflich &#8211; aber nicht beschr\u00e4nkt auf &#8211; einen Ausflug, einen Museumsbesuch, ein Konzert oder eine Sportveranstaltung;<\/p>\n<p>&#8211; Ort&#8220;: der Ort, an dem das Ereignis stattfindet;<\/p>\n<p>&#8211; Veranstalter&#8220;: die f\u00fcr die Produktion und\/oder Organisation der Veranstaltung verantwortliche Partei;<\/p>\n<p>&#8211; Vertrag&#8220;: der Vertrag zwischen Riviera Boat Party und dem Verbraucher \u00fcber den Verkauf und die Lieferung von Tickets;<\/p>\n<p>&#8211; Ticket&#8220;, Nachweis des Zugangs zu einer Veranstaltung;<\/p>\n<p><strong>Anwendbarkeit<\/strong><\/p>\n<p>2.1 Die nachstehenden Allgemeinen Gesch\u00e4ftsbedingungen sowie die Buchungs- und Bestellbedingungen von Riviera Boat Party gelten f\u00fcr alle Angebote, Auftr\u00e4ge und Vereinbarungen von Riviera Boat Party.<\/p>\n<p>2.2 Im \u00dcbrigen gelten f\u00fcr den Vertrag die Allgemeinen Gesch\u00e4ftsbedingungen des Veranstalters und die Allgemeinen Gesch\u00e4ftsbedingungen des Standortbetreibers. Im Falle eines Widerspruchs zwischen den Bestimmungen des Vertrages oder der vorliegenden Allgemeinen Gesch\u00e4ftsbedingungen und den vorgenannten Bedingungen haben die Bestimmungen des Vertrages oder der vorliegenden Allgemeinen Gesch\u00e4ftsbedingungen Vorrang. Exemplare der Allgemeinen Gesch\u00e4ftsbedingungen der Standortverantwortlichen oder des Veranstalters sind auf Anfrage bei den Standortverantwortlichen oder beim Veranstalter erh\u00e4ltlich.<\/p>\n<p>2.3 Mit der Annahme eines Angebots oder einer Bestellung akzeptiert der Verbraucher ausdr\u00fccklich die Anwendbarkeit der vorliegenden Allgemeinen Gesch\u00e4ftsbedingungen.<\/p>\n<p>2.4 Abweichungen von diesen Bedingungen sind nur in schriftlicher Form m\u00f6glich, wobei die \u00fcbrigen Bestimmungen ungeschm\u00e4lert in Kraft bleiben.<\/p>\n<p>2.5. Alle Rechte und Anspr\u00fcche, die f\u00fcr Riviera Boat Party in diesen Allgemeinen Gesch\u00e4ftsbedingungen und allen weiteren Vereinbarungen festgelegt sind, gelten auch f\u00fcr von Riviera Boat Party eingesetzte Vermittler und sonstige Dritte.<\/p>\n<p><strong>Preise\/Angebote<\/strong><\/p>\n<p>3.1 Alle Angebote von Riviera Boat Party sind freibleibend und Riviera Boat Party beh\u00e4lt sich ausdr\u00fccklich das Recht vor, die Preise zu \u00e4ndern, insbesondere wenn dies aufgrund gesetzlicher oder sonstiger Vorschriften erforderlich ist.<\/p>\n<p>3.2 Alle Preise sind in Euro angegeben und enthalten die Mehrwertsteuer.<\/p>\n<p>3.3 In bestimmten F\u00e4llen gelten Aktionspreise. Diese Preise gelten f\u00fcr einen bestimmten Zeitraum, solange der Vorrat reicht. Ein Anspruch auf diese Preise kann weder vor noch nach dem genannten Zeitraum geltend gemacht werden.<\/p>\n<p>3.4 Riviera Boat Party kann nicht f\u00fcr Preisangaben haftbar gemacht werden, die offensichtlich unrichtig sind, z.B. infolge von offensichtlichen Satz- oder Druckfehlern. Aus fehlerhaften Preisangaben k\u00f6nnen keine Rechte abgeleitet werden.<\/p>\n<p>3.5 F\u00fcr jedes Ticket wird ein fester Betrag f\u00fcr Servicekosten berechnet, der je nach Veranstaltung variieren kann. Die Dienstleistungskosten umfassen Transaktionskosten, Beratungskosten und Versandkosten.<\/p>\n<p><strong>Stornierungen und R\u00fcckgaben<\/strong><\/p>\n<p>4.1 Der Veranstalter ist berechtigt, den Termin einer Veranstaltung abzusagen oder zu \u00e4ndern. Sollte dies der Fall sein, wird Riviera Bar Crawl &amp; Tours versuchen, eine geeignete L\u00f6sung zu finden. Sollte eine Veranstaltung abgesagt oder verschoben werden, wird Riviera Boat Party ihr M\u00f6glichstes tun, um Sie so schnell wie m\u00f6glich zu informieren. Wir k\u00f6nnen jedoch nicht garantieren, dass der Verbraucher vor Beginn der Veranstaltung informiert wird, und wir k\u00f6nnen nicht f\u00fcr die entstehenden Kosten haftbar gemacht werden.<\/p>\n<p>4.2 \u00dcberpr\u00fcfen Sie vor der Best\u00e4tigung Ihrer Buchung stets sorgf\u00e4ltig, ob Sie die richtigen Tickets gebucht haben. Alle Stornierungen, die 48 Stunden vor der Veranstaltung erfolgen, werden zu 70% r\u00fcckerstattet, nach dieser Frist gibt es keine R\u00fcckerstattung mehr. Wenn Ihr Ticket so besch\u00e4digt ist, dass seine Echtheit nicht mehr \u00fcberpr\u00fcft werden kann, k\u00f6nnen Sie sich an Riviera Boat Party wenden. Sie werden dann \u00fcber das weitere Vorgehen informiert.<\/p>\n<p><strong>Zahlungen<\/strong><\/p>\n<p>Riviera Boat Party akzeptiert zwei Zahlungsarten. Zahlungen in Euro werden per Kreditkarte oder in bar abgewickelt. Sie erhalten erst dann eine endg\u00fcltige Buchungsbest\u00e4tigung, wenn Ihre Zahlung best\u00e4tigt wurde.<\/p>\n<p><strong>Lieferung<\/strong><\/p>\n<p>6.1 Je nach Versandart werden die Tickets an die in der Adressdatenbank von Riviera Boat Party enthaltene E-Mail-Adresse gesendet.<\/p>\n<p>6.2 Die von Riviera Boat Party angegebenen Lieferfristen dienen nur zur Orientierung. Die Nichteinhaltung eines Liefertermins berechtigt Sie weder zu Schadensersatz noch zur Stornierung der Bestellung oder zur Aufl\u00f6sung des Vertrages, es sei denn, die Nichteinhaltung des Liefertermins ist so schwerwiegend, dass Ihnen die Einhaltung des Vertrages nicht zugemutet werden kann. In diesem Fall haben Sie das Recht, die Bestellung zu stornieren oder den Vertrag aufzul\u00f6sen, sofern dies erforderlich ist.<\/p>\n<p><strong>Vorbehalt des Eigentumsrechts<\/strong><\/p>\n<p>7.1 Das Eigentum an den gelieferten Tickets geht erst dann auf Sie \u00fcber, wenn Sie alle Ihre Verpflichtungen gegen\u00fcber Riviera Boat Party, gleich aus welchem Vertrag, erf\u00fcllt haben. Das Risiko in Bezug auf die Tickets geht zum Zeitpunkt der Zustellung auf Sie \u00fcber.<\/p>\n<p><strong>Beschwerden und Haftung<\/strong><\/p>\n<p>8.1 Sie sind verpflichtet, sich bei der Lieferung zu vergewissern, dass die Tickets dem Vertrag entsprechen. Sollte dies nicht der Fall sein, m\u00fcssen Sie Riviera Boat Party so schnell wie m\u00f6glich, in jedem Fall aber innerhalb von drei (5) Tagen nach der Lieferung, schriftlich und unter Angabe von Gr\u00fcnden dar\u00fcber informieren, vorausgesetzt, es war einigerma\u00dfen m\u00f6glich, diese Tatsache festzustellen.<\/p>\n<p>8.2 Wenn nachgewiesen wird, dass die Tickets nicht vertragsgem\u00e4\u00df sind, kann Riviera Boat Party die betreffenden Tickets gegen R\u00fcckgabe durch neue Tickets ersetzen oder den gezahlten Betrag zur\u00fcckerstatten.<\/p>\n<p><strong>Elektronische Kommunikation und Beweise<\/strong><\/p>\n<p>9.1 Riviera Boat Party haftet nicht f\u00fcr Missverst\u00e4ndnisse, Verzerrungen, Verz\u00f6gerungen oder Fehl\u00fcbertragungen von Daten und Nachrichten, die durch die Nutzung des Internets oder anderer Kommunikationsmittel im Verkehr zwischen dem Kunden und Riviera Boat Party (oder den vom Kunden eingesetzten Parteien) entstehen.<\/p>\n<p>9.2 Die Aufzeichnungen von Riviera Boat Party dienen als vollst\u00e4ndiger Beweis f\u00fcr das Bestehen, den Inhalt und die Durchf\u00fchrung des Vertrages mit dem Kunden in jedem Gerichtsverfahren, vorbehaltlich des Gegenbeweises durch die Partei, die sich darauf beruft, dass der Beweis unzuverl\u00e4ssig ist.<\/p>\n<p><strong>H\u00f6here Gewalt<\/strong><\/p>\n<p>10.1 Unbeschadet der sonstigen ihnen zustehenden Rechte ist Riviera Boat Party im Falle h\u00f6herer Gewalt berechtigt, nach eigenem Ermessen die Ausf\u00fchrung Ihrer Bestellung auszusetzen oder den Vertrag ohne gerichtliches Einschreiten aufzul\u00f6sen, indem sie Sie schriftlich davon in Kenntnis setzen, ohne dass Riviera Boat Party zu irgendeinem Schadensersatz verpflichtet ist, es sei denn, dies w\u00e4re unter den gegebenen Umst\u00e4nden nach bestem Wissen und Gewissen unzumutbar.<\/p>\n<p>10.2 Unter h\u00f6herer Gewalt wird jeder Mangel verstanden, der Riviera Boat Party nicht angelastet werden kann, weil er ihnen nicht angelastet werden kann und auch nicht nach dem Gesetz, der Rechtsprechung oder den allgemein anerkannten Auffassungen als von ihnen zu vertreten gilt.<\/p>\n<p><strong>Sonderbestimmungen, Haftung<\/strong><\/p>\n<p>11.1. Der K\u00e4ufer eines von Riviera Boat Party gelieferten Tickets. muss sich als guter und ordentlicher Besucher von Veranstaltungen verhalten und die Anweisungen befolgen, die ihm vom oder im Namen des Veranstalters der zu besuchenden Veranstaltung sowie von den zust\u00e4ndigen Beh\u00f6rden erteilt werden.<\/p>\n<p>11.2 Riviera Boat Party haftet nicht f\u00fcr die Weigerung des Veranstalters oder der Beh\u00f6rden, den K\u00e4ufer einer von Riviera Boat Party gelieferten Eintrittskarte zu einer Veranstaltung zuzulassen, die auf Handlungen und\/oder Fahrl\u00e4ssigkeit des K\u00e4ufers zur\u00fcckzuf\u00fchren ist.<\/p>\n<p>11.3 Der K\u00e4ufer einer Eintrittskarte nimmt auf eigenes Risiko an einer Veranstaltung teil. Riviera Boat Party haftet nicht f\u00fcr Sch\u00e4den, die dem K\u00e4ufer w\u00e4hrend der An- und Abreise zur Veranstaltung oder w\u00e4hrend der Teilnahme an der Veranstaltung entstehen.<\/p>\n<p>11.4 Der K\u00e4ufer eines von Riviera Boat Party gelieferten Tickets ist verpflichtet, sich \u00fcber die vom Veranstalter oder im Namen des Veranstalters oder der zust\u00e4ndigen Beh\u00f6rden erteilten Anweisungen zu informieren, einschlie\u00dflich etwaiger \u00c4nderungen in Bezug auf die Veranstaltung, wie z.B. die Anfangszeit, usw. Riviera Boat Party ist nicht verpflichtet, dem K\u00e4ufer einer Tickets weitere Informationen in dieser Hinsicht zu geben.<\/p>\n<p><strong>Sonstige Bestimmungen<\/strong><\/p>\n<p>12.1 Sollten eine oder mehrere Bestimmungen dieser Allgemeinen Gesch\u00e4ftsbedingungen oder einer sonstigen Vereinbarung mit Riviera Boat Party einer geltenden gesetzlichen Regelung widersprechen, so wird die betreffende Bestimmung hinf\u00e4llig und durch eine neue, von Riviera Boat Party zu bestimmende, vergleichbare und gesetzlich zul\u00e4ssige Regelung ersetzt.<\/p>\n<p>12.2 F\u00fcr alle mit Riviera Boat Party abgeschlossenen Vertr\u00e4ge gilt franz\u00f6sisches Recht. F\u00fcr Streitigkeiten, die sich direkt oder indirekt aus diesen Vertr\u00e4gen ergeben, ist ausschlie\u00dflich das Gericht in Nizza zust\u00e4ndig.<\/p>\n<p data-pm-slice=\"1 1 []\">French Riviera Parties<\/p>\n<p>3 avenue Malaussena 2ai 06000 Nice<\/p>\n<p>Siret : 83947495400014<\/p>\n<p>&nbsp;<\/p>\n","protected":false},"excerpt":{"rendered":"<p>ALLGEMEINE GESCH\u00c4FTSBEDINGUNGEN Definitionen 1.1 In diesen Allgemeinen Gesch\u00e4ftsbedingungen haben die folgenden Begriffe (sowohl im Singular als auch im Plural) die folgende Bedeutung: &#8211; Allgemeine Gesch\u00e4ftsbedingungen&#8220;, die Allgemeinen Gesch\u00e4ftsbedingungen von Riviera Boat Party; &#8211; Veranstaltung&#8220;: die \u00f6ffentliche oder private Veranstaltung, bei der &#8211; beispielhaft, aber nicht ausschlie\u00dflich &#8211; eine Aktivit\u00e4t mit touristischem Charakter stattfindet, einschlie\u00dflich &#8211; [&hellip;]<\/p>\n","protected":false},"author":1,"featured_media":1423,"parent":0,"menu_order":0,"comment_status":"closed","ping_status":"closed","template":"","meta":{"footnotes":""},"class_list":["post-1421","page","type-page","status-publish","has-post-thumbnail","hentry"],"yoast_head":"<!-- This site is optimized with the Yoast SEO plugin v27.3 - https:\/\/yoast.com\/product\/yoast-seo-wordpress\/ -->\n<title>Bedingungen und Konditionen - Riviera Boat Party &amp; Yacht Charter<\/title>\n<meta name=\"description\" content=\"Entdecken Sie die Allgemeinen Gesch\u00e4ftsbedingungen der Riviera Boat Party. Alle rechtlichen Informationen finden Sie auf dieser Seite!\" \/>\n<meta name=\"robots\" content=\"index, follow, max-snippet:-1, max-image-preview:large, max-video-preview:-1\" \/>\n<link rel=\"canonical\" href=\"https:\/\/rivieraboatparty.com\/de\/allgemeine-geschaeftsbedingungen\/\" \/>\n<meta property=\"og:locale\" content=\"de_DE\" \/>\n<meta property=\"og:type\" content=\"article\" \/>\n<meta property=\"og:title\" content=\"Bedingungen und Konditionen - Riviera Boat Party &amp; Yacht Charter\" \/>\n<meta property=\"og:description\" content=\"Entdecken Sie die Allgemeinen Gesch\u00e4ftsbedingungen der Riviera Boat Party. Alle rechtlichen Informationen finden Sie auf dieser Seite!\" \/>\n<meta property=\"og:url\" content=\"https:\/\/rivieraboatparty.com\/de\/allgemeine-geschaeftsbedingungen\/\" \/>\n<meta property=\"og:site_name\" content=\"Riviera Boat Party &amp; Yacht Charter\" \/>\n<meta property=\"article:modified_time\" content=\"2023-07-29T14:56:15+00:00\" \/>\n<meta property=\"og:image\" content=\"https:\/\/rivieraboatparty.com\/wp-content\/uploads\/2023\/06\/Allgemeine-Geschaftsbedingungen-scaled.jpg\" \/>\n\t<meta property=\"og:image:width\" content=\"2560\" \/>\n\t<meta property=\"og:image:height\" content=\"1706\" \/>\n\t<meta property=\"og:image:type\" content=\"image\/jpeg\" \/>\n<meta name=\"twitter:card\" content=\"summary_large_image\" \/>\n<meta name=\"twitter:label1\" content=\"Gesch\u00e4tzte Lesezeit\" \/>\n\t<meta name=\"twitter:data1\" content=\"6\u00a0Minuten\" \/>\n<script type=\"application\/ld+json\" class=\"yoast-schema-graph\">{\"@context\":\"https:\\\/\\\/schema.org\",\"@graph\":[{\"@type\":\"WebPage\",\"@id\":\"https:\\\/\\\/rivieraboatparty.com\\\/de\\\/allgemeine-geschaeftsbedingungen\\\/\",\"url\":\"https:\\\/\\\/rivieraboatparty.com\\\/de\\\/allgemeine-geschaeftsbedingungen\\\/\",\"name\":\"Bedingungen und Konditionen - Riviera Boat Party &amp; Yacht Charter\",\"isPartOf\":{\"@id\":\"https:\\\/\\\/rivieraboatparty.com\\\/de\\\/#website\"},\"primaryImageOfPage\":{\"@id\":\"https:\\\/\\\/rivieraboatparty.com\\\/de\\\/allgemeine-geschaeftsbedingungen\\\/#primaryimage\"},\"image\":{\"@id\":\"https:\\\/\\\/rivieraboatparty.com\\\/de\\\/allgemeine-geschaeftsbedingungen\\\/#primaryimage\"},\"thumbnailUrl\":\"https:\\\/\\\/rivieraboatparty.com\\\/wp-content\\\/uploads\\\/2023\\\/06\\\/Allgemeine-Geschaftsbedingungen-scaled.jpg\",\"datePublished\":\"2023-06-26T17:08:26+00:00\",\"dateModified\":\"2023-07-29T14:56:15+00:00\",\"description\":\"Entdecken Sie die Allgemeinen Gesch\u00e4ftsbedingungen der Riviera Boat Party. Alle rechtlichen Informationen finden Sie auf dieser Seite!\",\"breadcrumb\":{\"@id\":\"https:\\\/\\\/rivieraboatparty.com\\\/de\\\/allgemeine-geschaeftsbedingungen\\\/#breadcrumb\"},\"inLanguage\":\"de\",\"potentialAction\":[{\"@type\":\"ReadAction\",\"target\":[\"https:\\\/\\\/rivieraboatparty.com\\\/de\\\/allgemeine-geschaeftsbedingungen\\\/\"]}]},{\"@type\":\"ImageObject\",\"inLanguage\":\"de\",\"@id\":\"https:\\\/\\\/rivieraboatparty.com\\\/de\\\/allgemeine-geschaeftsbedingungen\\\/#primaryimage\",\"url\":\"https:\\\/\\\/rivieraboatparty.com\\\/wp-content\\\/uploads\\\/2023\\\/06\\\/Allgemeine-Geschaftsbedingungen-scaled.jpg\",\"contentUrl\":\"https:\\\/\\\/rivieraboatparty.com\\\/wp-content\\\/uploads\\\/2023\\\/06\\\/Allgemeine-Geschaftsbedingungen-scaled.jpg\",\"width\":2560,\"height\":1706,\"caption\":\"Allgemeine Geschaftsbedingungen\"},{\"@type\":\"BreadcrumbList\",\"@id\":\"https:\\\/\\\/rivieraboatparty.com\\\/de\\\/allgemeine-geschaeftsbedingungen\\\/#breadcrumb\",\"itemListElement\":[{\"@type\":\"ListItem\",\"position\":1,\"name\":\"Accueil\",\"item\":\"https:\\\/\\\/rivieraboatparty.com\\\/de\\\/\"},{\"@type\":\"ListItem\",\"position\":2,\"name\":\"Bedingungen und Konditionen\"}]},{\"@type\":\"WebSite\",\"@id\":\"https:\\\/\\\/rivieraboatparty.com\\\/de\\\/#website\",\"url\":\"https:\\\/\\\/rivieraboatparty.com\\\/de\\\/\",\"name\":\"Riviera Boat Party &amp; Yacht Charter\",\"description\":\"Riviera Boat Party &amp; Yacht Charter | Cannes, Nice, Monaco French Riviera - C\u00f4te d&#039;Azur France\",\"potentialAction\":[{\"@type\":\"SearchAction\",\"target\":{\"@type\":\"EntryPoint\",\"urlTemplate\":\"https:\\\/\\\/rivieraboatparty.com\\\/de\\\/?s={search_term_string}\"},\"query-input\":{\"@type\":\"PropertyValueSpecification\",\"valueRequired\":true,\"valueName\":\"search_term_string\"}}],\"inLanguage\":\"de\"}]}<\/script>\n<!-- \/ Yoast SEO plugin. -->","yoast_head_json":{"title":"Bedingungen und Konditionen - Riviera Boat Party &amp; Yacht Charter","description":"Entdecken Sie die Allgemeinen Gesch\u00e4ftsbedingungen der Riviera Boat Party. Alle rechtlichen Informationen finden Sie auf dieser Seite!","robots":{"index":"index","follow":"follow","max-snippet":"max-snippet:-1","max-image-preview":"max-image-preview:large","max-video-preview":"max-video-preview:-1"},"canonical":"https:\/\/rivieraboatparty.com\/de\/allgemeine-geschaeftsbedingungen\/","og_locale":"de_DE","og_type":"article","og_title":"Bedingungen und Konditionen - Riviera Boat Party &amp; Yacht Charter","og_description":"Entdecken Sie die Allgemeinen Gesch\u00e4ftsbedingungen der Riviera Boat Party. Alle rechtlichen Informationen finden Sie auf dieser Seite!","og_url":"https:\/\/rivieraboatparty.com\/de\/allgemeine-geschaeftsbedingungen\/","og_site_name":"Riviera Boat Party &amp; Yacht Charter","article_modified_time":"2023-07-29T14:56:15+00:00","og_image":[{"width":2560,"height":1706,"url":"https:\/\/rivieraboatparty.com\/wp-content\/uploads\/2023\/06\/Allgemeine-Geschaftsbedingungen-scaled.jpg","type":"image\/jpeg"}],"twitter_card":"summary_large_image","twitter_misc":{"Gesch\u00e4tzte Lesezeit":"6\u00a0Minuten"},"schema":{"@context":"https:\/\/schema.org","@graph":[{"@type":"WebPage","@id":"https:\/\/rivieraboatparty.com\/de\/allgemeine-geschaeftsbedingungen\/","url":"https:\/\/rivieraboatparty.com\/de\/allgemeine-geschaeftsbedingungen\/","name":"Bedingungen und Konditionen - Riviera Boat Party &amp; Yacht Charter","isPartOf":{"@id":"https:\/\/rivieraboatparty.com\/de\/#website"},"primaryImageOfPage":{"@id":"https:\/\/rivieraboatparty.com\/de\/allgemeine-geschaeftsbedingungen\/#primaryimage"},"image":{"@id":"https:\/\/rivieraboatparty.com\/de\/allgemeine-geschaeftsbedingungen\/#primaryimage"},"thumbnailUrl":"https:\/\/rivieraboatparty.com\/wp-content\/uploads\/2023\/06\/Allgemeine-Geschaftsbedingungen-scaled.jpg","datePublished":"2023-06-26T17:08:26+00:00","dateModified":"2023-07-29T14:56:15+00:00","description":"Entdecken Sie die Allgemeinen Gesch\u00e4ftsbedingungen der Riviera Boat Party. Alle rechtlichen Informationen finden Sie auf dieser Seite!","breadcrumb":{"@id":"https:\/\/rivieraboatparty.com\/de\/allgemeine-geschaeftsbedingungen\/#breadcrumb"},"inLanguage":"de","potentialAction":[{"@type":"ReadAction","target":["https:\/\/rivieraboatparty.com\/de\/allgemeine-geschaeftsbedingungen\/"]}]},{"@type":"ImageObject","inLanguage":"de","@id":"https:\/\/rivieraboatparty.com\/de\/allgemeine-geschaeftsbedingungen\/#primaryimage","url":"https:\/\/rivieraboatparty.com\/wp-content\/uploads\/2023\/06\/Allgemeine-Geschaftsbedingungen-scaled.jpg","contentUrl":"https:\/\/rivieraboatparty.com\/wp-content\/uploads\/2023\/06\/Allgemeine-Geschaftsbedingungen-scaled.jpg","width":2560,"height":1706,"caption":"Allgemeine Geschaftsbedingungen"},{"@type":"BreadcrumbList","@id":"https:\/\/rivieraboatparty.com\/de\/allgemeine-geschaeftsbedingungen\/#breadcrumb","itemListElement":[{"@type":"ListItem","position":1,"name":"Accueil","item":"https:\/\/rivieraboatparty.com\/de\/"},{"@type":"ListItem","position":2,"name":"Bedingungen und Konditionen"}]},{"@type":"WebSite","@id":"https:\/\/rivieraboatparty.com\/de\/#website","url":"https:\/\/rivieraboatparty.com\/de\/","name":"Riviera Boat Party &amp; Yacht Charter","description":"Riviera Boat Party &amp; Yacht Charter | Cannes, Nice, Monaco French Riviera - C\u00f4te d&#039;Azur France","potentialAction":[{"@type":"SearchAction","target":{"@type":"EntryPoint","urlTemplate":"https:\/\/rivieraboatparty.com\/de\/?s={search_term_string}"},"query-input":{"@type":"PropertyValueSpecification","valueRequired":true,"valueName":"search_term_string"}}],"inLanguage":"de"}]}},"_links":{"self":[{"href":"https:\/\/rivieraboatparty.com\/de\/wp-json\/wp\/v2\/pages\/1421","targetHints":{"allow":["GET"]}}],"collection":[{"href":"https:\/\/rivieraboatparty.com\/de\/wp-json\/wp\/v2\/pages"}],"about":[{"href":"https:\/\/rivieraboatparty.com\/de\/wp-json\/wp\/v2\/types\/page"}],"author":[{"embeddable":true,"href":"https:\/\/rivieraboatparty.com\/de\/wp-json\/wp\/v2\/users\/1"}],"replies":[{"embeddable":true,"href":"https:\/\/rivieraboatparty.com\/de\/wp-json\/wp\/v2\/comments?post=1421"}],"version-history":[{"count":2,"href":"https:\/\/rivieraboatparty.com\/de\/wp-json\/wp\/v2\/pages\/1421\/revisions"}],"predecessor-version":[{"id":2076,"href":"https:\/\/rivieraboatparty.com\/de\/wp-json\/wp\/v2\/pages\/1421\/revisions\/2076"}],"wp:featuredmedia":[{"embeddable":true,"href":"https:\/\/rivieraboatparty.com\/de\/wp-json\/wp\/v2\/media\/1423"}],"wp:attachment":[{"href":"https:\/\/rivieraboatparty.com\/de\/wp-json\/wp\/v2\/media?parent=1421"}],"curies":[{"name":"wp","href":"https:\/\/api.w.org\/{rel}","templated":true}]}}