{"id":1435,"date":"2023-06-26T19:08:26","date_gmt":"2023-06-26T17:08:26","guid":{"rendered":"https:\/\/rivieraboatparty.com\/?page_id=1435"},"modified":"2023-06-26T19:55:47","modified_gmt":"2023-06-26T17:55:47","slug":"terminos-y-condiciones","status":"publish","type":"page","link":"https:\/\/rivieraboatparty.com\/es\/terminos-y-condiciones\/","title":{"rendered":"T\u00e9rminos y condiciones"},"content":{"rendered":"<h2>CONDICIONES GENERALES<\/h2>\n<p><strong>Definiciones<\/strong><br \/>\n1.1 En estos T\u00e9rminos y Condiciones Generales, los siguientes t\u00e9rminos (tanto en singular como en plural) tienen los siguientes significados:<br \/>\n\u2013 Condiciones Generales\u2019, las Condiciones Generales de Riviera Boat Party;<\/p>\n<p>\u2013 Evento\u00bb, el acontecimiento p\u00fablico o privado en el que -a modo de ejemplo, pero no exclusivamente- tiene lugar una actividad de car\u00e1cter tur\u00edstico, incluyendo -pero sin limitarse a- una excursi\u00f3n, una visita a un museo, un concierto o un evento deportivo;<\/p>\n<p>\u2013 Lugar\u00bb, el sitio en el que se celebra el evento;<\/p>\n<p>\u2013 Organizador\u00bb, la parte responsable de la producci\u00f3n y\/o organizaci\u00f3n del evento;<\/p>\n<p>\u2013 Acuerdo\u00bb, el acuerdo entre Riviera Boat Party y el consumidor para la venta y entrega de entradas;<\/p>\n<p>\u2013 Entrada\u00bb, la prueba de acceso a un evento;<\/p>\n<p><strong>Aplicabilidad<\/strong><br \/>\n2.1 Las Condiciones Generales que figuran a continuaci\u00f3n y las condiciones de reserva y pedido de Riviera Boat Partyse aplican a todas las ofertas, pedidos y acuerdos de Riviera Boat Party.<\/p>\n<p>2.2 Adem\u00e1s, los T\u00e9rminos y Condiciones Generales del organizador y los T\u00e9rminos y Condiciones Generales de la parte responsable de los lugares tambi\u00e9n se aplicar\u00e1n al acuerdo. En caso de conflicto entre las disposiciones del contrato o de las presentes Condiciones Generales y las mencionadas condiciones, prevalecer\u00e1n las disposiciones del contrato o de las presentes Condiciones Generales. Las copias de las Condiciones Generales de las partes responsables de los emplazamientos o del organizador est\u00e1n disponibles previa solicitud a las partes responsables de los emplazamientos en cuesti\u00f3n o al organizador.<\/p>\n<p>2.3 Al aceptar una oferta o realizar un pedido, el consumidor acepta expresamente la aplicabilidad de estas Condiciones Generales.<\/p>\n<p>2.4 Las desviaciones de lo estipulado en estas Condiciones Generales s\u00f3lo son posibles por escrito, en cuyo caso las dem\u00e1s disposiciones seguir\u00e1n vigentes.<\/p>\n<p>2.5. Todos los derechos y facultades estipulados para Riviera Boat Party en estos T\u00e9rminos y Condiciones Generales y cualquier otro acuerdo tambi\u00e9n se aplicar\u00e1n para los intermediarios y otras terceras partes desplegadas por Riviera Boat Party.<\/p>\n<p><strong>Precios\/Ofertas<\/strong><br \/>\n3.1 Todas las ofertas hechas por Riviera Boat Party\u00a0son sin compromiso y Riviera Boat Party se reserva expresamente el derecho de cambiar los precios, en particular si esto es necesario como resultado de regulaciones estatutarias o de otro tipo.<\/p>\n<p>3.2 Todos los precios se indican en euros, con IVA.<\/p>\n<p>3.3 En algunos casos, se aplican precios promocionales. Estos precios son v\u00e1lidos durante un periodo determinado mientras haya existencias. No se podr\u00e1 invocar ning\u00fan derecho a estos precios antes o despu\u00e9s del periodo espec\u00edfico.<\/p>\n<p>3.4 Riviera Boat Party no se responsabiliza de las indicaciones de precios que sean claramente incorrectas, por ejemplo, como resultado de errores obvios de composici\u00f3n o impresi\u00f3n. No se puede derivar ning\u00fan derecho de una informaci\u00f3n de precios incorrecta.<\/p>\n<p>3.5 Por cada entrada se cobrar\u00e1 una cantidad fija en concepto de costes de servicio, que pueden variar en funci\u00f3n del evento. Los costes de servicio incluyen los costes de transacci\u00f3n, los costes de consulta y los costes de env\u00edo.<\/p>\n<p><strong>Anulaciones y devoluciones<\/strong><br \/>\n4.1 El organizador tiene derecho a cancelar o cambiar la fecha de un evento. Si esto ocurre, Riviera Boat Partys intentar\u00e1 ofrecer una soluci\u00f3n adecuada. Si un evento es cancelado o pospuesto, Riviera Boat Party har\u00e1 todo lo posible para informarle lo antes posible. Sin embargo, no podemos garantizar que el consumidor sea informado antes del inicio del evento y no podemos responsabilizarnos de los costes incurridos.<\/p>\n<p>4.2 Antes de confirmar su reserva, compruebe siempre cuidadosamente que ha reservado las entradas correctas. Todas las cancelaciones realizadas 48 horas antes del evento ser\u00e1n reembolsadas al 70%, no hay reembolso despu\u00e9s de este plazo. Si su entrada est\u00e1 da\u00f1ada hasta el punto de que no se pueda verificar su autenticidad, puede ponerse en contacto con Riviera Boat Party. Se le informar\u00e1 entonces de las medidas a tomar.<\/p>\n<p><strong>Pagos<\/strong><br \/>\nRiviera Boat Party acepta dos m\u00e9todos de pago. Los pagos en euros se procesan con tarjeta de cr\u00e9dito o en efectivo. No recibir\u00e1 la confirmaci\u00f3n de su reserva definitiva hasta que su pago haya sido aprobado.<\/p>\n<p><strong>Entrega<\/strong><br \/>\n6.1 Dependiendo del m\u00e9todo de env\u00edo, las entradas se entregar\u00e1n en la direcci\u00f3n de correo electr\u00f3nico incluida en la base de datos de direcciones de Riviera Boat Party.<\/p>\n<p>6.2 Los plazos de entrega especificados por Riviera Boat Party\u00a0son a t\u00edtulo indicativo. El incumplimiento de cualquier plazo de entrega no le dar\u00e1 derecho a una indemnizaci\u00f3n por da\u00f1os y perjuicios, ni le dar\u00e1 derecho a cancelar el pedido o a disolver el acuerdo, a menos que dicho incumplimiento del plazo de entrega sea tan grave que no pueda exig\u00edrsele razonablemente el cumplimiento del acuerdo. En ese caso, usted tendr\u00e1 derecho a cancelar el pedido o a disolver el acuerdo en la medida en que sea necesario.<\/p>\n<p><strong>Retenci\u00f3n de la propiedad<\/strong><br \/>\n7.1 La propiedad de las entradas entregadas s\u00f3lo se transferir\u00e1 a usted si ha cumplido todas sus obligaciones con Riviera Boat Party en virtud de cualquier acuerdo. El riesgo relativo a las entradas se transferir\u00e1 a usted en el momento de la entrega.<\/p>\n<p><strong>Reclamaciones y responsabilidad<\/strong><br \/>\n8.1 Usted est\u00e1 obligado a comprobar en el momento de la entrega que las entradas se ajustan a lo acordado. En caso de no ser as\u00ed, deber\u00e1 informar a Riviera Boat Party\u00a0por escrito y de forma motivada lo antes posible y, en todo caso, dentro de los tres (5) d\u00edas siguientes a la entrega, siempre que haya sido razonablemente posible averiguar este hecho.<\/p>\n<p>8.2 Si se demuestra que las entradas no se ajustan a lo acordado, Riviera Boat Party podr\u00e1 optar por sustituir las entradas en cuesti\u00f3n por otras nuevas a cambio de su devoluci\u00f3n o por reembolsar el importe pagado.<\/p>\n<p><strong>Comunicaci\u00f3n electr\u00f3nica y pruebas<\/strong><br \/>\n9.1 Riviera Boat Party no es responsable de los malentendidos, distorsiones, retrasos o transmisiones incorrectas de datos y mensajes como resultado del uso de Internet o cualquier otro recurso de comunicaci\u00f3n en el tr\u00e1fico entre el cliente y Riviera Boat Party (o las partes desplegadas por el cliente).<\/p>\n<p>9.2 Los registros de Riviera Boat Party servir\u00e1n como prueba completa de la existencia, el contenido y la implementaci\u00f3n del acuerdo con el cliente en cualquier procedimiento legal, sujeto a la contra-prueba proporcionada por la parte que invoca el hecho de que la prueba no es fiable.<\/p>\n<p><strong>Fuerza mayor<\/strong><br \/>\n10.1 Sin perjuicio de los dem\u00e1s derechos que le correspondan, en caso de fuerza mayor, Riviera Boat Party tiene derecho, a su elecci\u00f3n, a suspender la ejecuci\u00f3n de su pedido o a disolver el acuerdo sin intervenci\u00f3n legal, inform\u00e1ndole de ello por escrito y sin que Riviera Boat Party sea responsable de ninguna indemnizaci\u00f3n por da\u00f1os y perjuicios, a menos que en las circunstancias imperantes esto sea inaceptable de acuerdo con toda razonabilidad y equidad.<\/p>\n<p>10.2 Se entiende por fuerza mayor cualquier defecto que no pueda ser atribuido a Riviera Boat Party porque no se le puede imputar ni considerar como su responsabilidad de acuerdo con la ley, la acci\u00f3n legal o las opiniones generalmente aceptadas.<\/p>\n<p><strong>Disposiciones especiales, responsabilidad<\/strong><br \/>\n11.1. El comprador de una entrada suministrada por Riviera Boat Party. debe comportarse como un buen y ordenado visitante de eventos y debe acatar las instrucciones que le sean dadas por o en nombre del organizador del evento a visitar as\u00ed como por las autoridades competentes.<\/p>\n<p>11.2 Riviera Boat Party no ser\u00e1 responsable de la negativa del organizador de un evento o de las autoridades p\u00fablicas a admitir al comprador de una entrada suministrada por Riviera Boat Party a un evento como resultado de acciones y\/o negligencia por parte del comprador.<\/p>\n<p>11.3 El comprador de una entrada asiste a un evento bajo su propio riesgo. Riviera Boat Party no se responsabiliza de los da\u00f1os sufridos por el comprador durante el viaje de ida y vuelta al evento o durante su asistencia al mismo.<\/p>\n<p>11.4 El comprador de una entrada suministrada por Riviera Boat Party debe informarse de las instrucciones emitidas por o en nombre del organizador del evento o de las autoridades competentes relativas al mismo, incluyendo cualquier cambio relativo al evento, como la hora de inicio, etc. Riviera Boat Party no tiene ninguna obligaci\u00f3n de proporcionar al comprador de una entrada m\u00e1s informaci\u00f3n al respecto.<\/p>\n<p><strong>Otras disposiciones<\/strong><br \/>\n12.1 Si una o m\u00e1s de las disposiciones de estos T\u00e9rminos y Condiciones o de cualquier otro acuerdo con Riviera Boat Party est\u00e1n en conflicto con cualquier regulaci\u00f3n legal aplicable, la disposici\u00f3n en cuesti\u00f3n caducar\u00e1 y ser\u00e1 sustituida por una nueva estipulaci\u00f3n comparable admisible por ley que ser\u00e1 determinada por\u00a0Riviera Boat Party.<\/p>\n<p>12.2 La ley francesa se aplica a todos los acuerdos celebrados con o concluidos por Riviera Boat Party las disputas que surjan directa o indirectamente de estos acuerdos ser\u00e1n resueltas exclusivamente por el Tribunal de Niza.<\/p>\n<p data-pm-slice=\"1 1 []\">French Riviera Parties<\/p>\n<p>3 avenue Malaussena 2ai 06000 Nice<\/p>\n<p>Siret : 83947495400014<\/p>\n","protected":false},"excerpt":{"rendered":"<p>CONDICIONES GENERALES Definiciones 1.1 En estos T\u00e9rminos y Condiciones Generales, los siguientes t\u00e9rminos (tanto en singular como en plural) tienen los siguientes significados: \u2013 Condiciones Generales\u2019, las Condiciones Generales de Riviera Boat Party; \u2013 Evento\u00bb, el acontecimiento p\u00fablico o privado en el que -a modo de ejemplo, pero no exclusivamente- tiene lugar una actividad de [&hellip;]<\/p>\n","protected":false},"author":1,"featured_media":1433,"parent":0,"menu_order":0,"comment_status":"closed","ping_status":"closed","template":"","meta":{"footnotes":""},"class_list":["post-1435","page","type-page","status-publish","has-post-thumbnail","hentry"],"yoast_head":"<!-- This site is optimized with the Yoast SEO plugin v27.3 - https:\/\/yoast.com\/product\/yoast-seo-wordpress\/ -->\n<title>T\u00e9rminos y condiciones - Riviera Boat Party &amp; Yacht Charter<\/title>\n<meta name=\"description\" content=\"Descubra los t\u00e9rminos y condiciones de Riviera Boat Party. Toda la informaci\u00f3n legal est\u00e1 disponible en esta p\u00e1gina.\" \/>\n<meta name=\"robots\" content=\"index, follow, max-snippet:-1, max-image-preview:large, max-video-preview:-1\" \/>\n<link rel=\"canonical\" href=\"https:\/\/rivieraboatparty.com\/es\/terminos-y-condiciones\/\" \/>\n<meta property=\"og:locale\" content=\"es_ES\" \/>\n<meta property=\"og:type\" content=\"article\" \/>\n<meta property=\"og:title\" content=\"T\u00e9rminos y condiciones - Riviera Boat Party &amp; Yacht Charter\" \/>\n<meta property=\"og:description\" content=\"Descubra los t\u00e9rminos y condiciones de Riviera Boat Party. Toda la informaci\u00f3n legal est\u00e1 disponible en esta p\u00e1gina.\" \/>\n<meta property=\"og:url\" content=\"https:\/\/rivieraboatparty.com\/es\/terminos-y-condiciones\/\" \/>\n<meta property=\"og:site_name\" content=\"Riviera Boat Party &amp; Yacht Charter\" \/>\n<meta property=\"article:modified_time\" content=\"2023-06-26T17:55:47+00:00\" \/>\n<meta property=\"og:image\" content=\"https:\/\/rivieraboatparty.com\/wp-content\/uploads\/2023\/06\/TERMINI-E-CONDIZIONI-GENERALI-scaled.jpg\" \/>\n\t<meta property=\"og:image:width\" content=\"2560\" \/>\n\t<meta property=\"og:image:height\" content=\"1706\" \/>\n\t<meta property=\"og:image:type\" content=\"image\/jpeg\" \/>\n<meta name=\"twitter:card\" content=\"summary_large_image\" \/>\n<meta name=\"twitter:label1\" content=\"Tiempo de lectura\" \/>\n\t<meta name=\"twitter:data1\" content=\"7 minutos\" \/>\n<script type=\"application\/ld+json\" class=\"yoast-schema-graph\">{\"@context\":\"https:\\\/\\\/schema.org\",\"@graph\":[{\"@type\":\"WebPage\",\"@id\":\"https:\\\/\\\/rivieraboatparty.com\\\/es\\\/terminos-y-condiciones\\\/\",\"url\":\"https:\\\/\\\/rivieraboatparty.com\\\/es\\\/terminos-y-condiciones\\\/\",\"name\":\"T\u00e9rminos y condiciones - Riviera Boat Party &amp; Yacht Charter\",\"isPartOf\":{\"@id\":\"https:\\\/\\\/rivieraboatparty.com\\\/es\\\/#website\"},\"primaryImageOfPage\":{\"@id\":\"https:\\\/\\\/rivieraboatparty.com\\\/es\\\/terminos-y-condiciones\\\/#primaryimage\"},\"image\":{\"@id\":\"https:\\\/\\\/rivieraboatparty.com\\\/es\\\/terminos-y-condiciones\\\/#primaryimage\"},\"thumbnailUrl\":\"https:\\\/\\\/rivieraboatparty.com\\\/wp-content\\\/uploads\\\/2023\\\/06\\\/TERMINI-E-CONDIZIONI-GENERALI-scaled.jpg\",\"datePublished\":\"2023-06-26T17:08:26+00:00\",\"dateModified\":\"2023-06-26T17:55:47+00:00\",\"description\":\"Descubra los t\u00e9rminos y condiciones de Riviera Boat Party. Toda la informaci\u00f3n legal est\u00e1 disponible en esta p\u00e1gina.\",\"breadcrumb\":{\"@id\":\"https:\\\/\\\/rivieraboatparty.com\\\/es\\\/terminos-y-condiciones\\\/#breadcrumb\"},\"inLanguage\":\"es\",\"potentialAction\":[{\"@type\":\"ReadAction\",\"target\":[\"https:\\\/\\\/rivieraboatparty.com\\\/es\\\/terminos-y-condiciones\\\/\"]}]},{\"@type\":\"ImageObject\",\"inLanguage\":\"es\",\"@id\":\"https:\\\/\\\/rivieraboatparty.com\\\/es\\\/terminos-y-condiciones\\\/#primaryimage\",\"url\":\"https:\\\/\\\/rivieraboatparty.com\\\/wp-content\\\/uploads\\\/2023\\\/06\\\/TERMINI-E-CONDIZIONI-GENERALI-scaled.jpg\",\"contentUrl\":\"https:\\\/\\\/rivieraboatparty.com\\\/wp-content\\\/uploads\\\/2023\\\/06\\\/TERMINI-E-CONDIZIONI-GENERALI-scaled.jpg\",\"width\":2560,\"height\":1706,\"caption\":\"T\u00e9rminos y condiciones\"},{\"@type\":\"BreadcrumbList\",\"@id\":\"https:\\\/\\\/rivieraboatparty.com\\\/es\\\/terminos-y-condiciones\\\/#breadcrumb\",\"itemListElement\":[{\"@type\":\"ListItem\",\"position\":1,\"name\":\"Accueil\",\"item\":\"https:\\\/\\\/rivieraboatparty.com\\\/es\\\/\"},{\"@type\":\"ListItem\",\"position\":2,\"name\":\"T\u00e9rminos y condiciones\"}]},{\"@type\":\"WebSite\",\"@id\":\"https:\\\/\\\/rivieraboatparty.com\\\/es\\\/#website\",\"url\":\"https:\\\/\\\/rivieraboatparty.com\\\/es\\\/\",\"name\":\"Riviera Boat Party &amp; Yacht Charter\",\"description\":\"Riviera Boat Party &amp; Yacht Charter | Cannes, Nice, Monaco French Riviera - C\u00f4te d&#039;Azur France\",\"potentialAction\":[{\"@type\":\"SearchAction\",\"target\":{\"@type\":\"EntryPoint\",\"urlTemplate\":\"https:\\\/\\\/rivieraboatparty.com\\\/es\\\/?s={search_term_string}\"},\"query-input\":{\"@type\":\"PropertyValueSpecification\",\"valueRequired\":true,\"valueName\":\"search_term_string\"}}],\"inLanguage\":\"es\"}]}<\/script>\n<!-- \/ Yoast SEO plugin. -->","yoast_head_json":{"title":"T\u00e9rminos y condiciones - Riviera Boat Party &amp; Yacht Charter","description":"Descubra los t\u00e9rminos y condiciones de Riviera Boat Party. Toda la informaci\u00f3n legal est\u00e1 disponible en esta p\u00e1gina.","robots":{"index":"index","follow":"follow","max-snippet":"max-snippet:-1","max-image-preview":"max-image-preview:large","max-video-preview":"max-video-preview:-1"},"canonical":"https:\/\/rivieraboatparty.com\/es\/terminos-y-condiciones\/","og_locale":"es_ES","og_type":"article","og_title":"T\u00e9rminos y condiciones - Riviera Boat Party &amp; Yacht Charter","og_description":"Descubra los t\u00e9rminos y condiciones de Riviera Boat Party. Toda la informaci\u00f3n legal est\u00e1 disponible en esta p\u00e1gina.","og_url":"https:\/\/rivieraboatparty.com\/es\/terminos-y-condiciones\/","og_site_name":"Riviera Boat Party &amp; Yacht Charter","article_modified_time":"2023-06-26T17:55:47+00:00","og_image":[{"width":2560,"height":1706,"url":"https:\/\/rivieraboatparty.com\/wp-content\/uploads\/2023\/06\/TERMINI-E-CONDIZIONI-GENERALI-scaled.jpg","type":"image\/jpeg"}],"twitter_card":"summary_large_image","twitter_misc":{"Tiempo de lectura":"7 minutos"},"schema":{"@context":"https:\/\/schema.org","@graph":[{"@type":"WebPage","@id":"https:\/\/rivieraboatparty.com\/es\/terminos-y-condiciones\/","url":"https:\/\/rivieraboatparty.com\/es\/terminos-y-condiciones\/","name":"T\u00e9rminos y condiciones - Riviera Boat Party &amp; Yacht Charter","isPartOf":{"@id":"https:\/\/rivieraboatparty.com\/es\/#website"},"primaryImageOfPage":{"@id":"https:\/\/rivieraboatparty.com\/es\/terminos-y-condiciones\/#primaryimage"},"image":{"@id":"https:\/\/rivieraboatparty.com\/es\/terminos-y-condiciones\/#primaryimage"},"thumbnailUrl":"https:\/\/rivieraboatparty.com\/wp-content\/uploads\/2023\/06\/TERMINI-E-CONDIZIONI-GENERALI-scaled.jpg","datePublished":"2023-06-26T17:08:26+00:00","dateModified":"2023-06-26T17:55:47+00:00","description":"Descubra los t\u00e9rminos y condiciones de Riviera Boat Party. Toda la informaci\u00f3n legal est\u00e1 disponible en esta p\u00e1gina.","breadcrumb":{"@id":"https:\/\/rivieraboatparty.com\/es\/terminos-y-condiciones\/#breadcrumb"},"inLanguage":"es","potentialAction":[{"@type":"ReadAction","target":["https:\/\/rivieraboatparty.com\/es\/terminos-y-condiciones\/"]}]},{"@type":"ImageObject","inLanguage":"es","@id":"https:\/\/rivieraboatparty.com\/es\/terminos-y-condiciones\/#primaryimage","url":"https:\/\/rivieraboatparty.com\/wp-content\/uploads\/2023\/06\/TERMINI-E-CONDIZIONI-GENERALI-scaled.jpg","contentUrl":"https:\/\/rivieraboatparty.com\/wp-content\/uploads\/2023\/06\/TERMINI-E-CONDIZIONI-GENERALI-scaled.jpg","width":2560,"height":1706,"caption":"T\u00e9rminos y condiciones"},{"@type":"BreadcrumbList","@id":"https:\/\/rivieraboatparty.com\/es\/terminos-y-condiciones\/#breadcrumb","itemListElement":[{"@type":"ListItem","position":1,"name":"Accueil","item":"https:\/\/rivieraboatparty.com\/es\/"},{"@type":"ListItem","position":2,"name":"T\u00e9rminos y condiciones"}]},{"@type":"WebSite","@id":"https:\/\/rivieraboatparty.com\/es\/#website","url":"https:\/\/rivieraboatparty.com\/es\/","name":"Riviera Boat Party &amp; Yacht Charter","description":"Riviera Boat Party &amp; Yacht Charter | Cannes, Nice, Monaco French Riviera - C\u00f4te d&#039;Azur France","potentialAction":[{"@type":"SearchAction","target":{"@type":"EntryPoint","urlTemplate":"https:\/\/rivieraboatparty.com\/es\/?s={search_term_string}"},"query-input":{"@type":"PropertyValueSpecification","valueRequired":true,"valueName":"search_term_string"}}],"inLanguage":"es"}]}},"_links":{"self":[{"href":"https:\/\/rivieraboatparty.com\/es\/wp-json\/wp\/v2\/pages\/1435","targetHints":{"allow":["GET"]}}],"collection":[{"href":"https:\/\/rivieraboatparty.com\/es\/wp-json\/wp\/v2\/pages"}],"about":[{"href":"https:\/\/rivieraboatparty.com\/es\/wp-json\/wp\/v2\/types\/page"}],"author":[{"embeddable":true,"href":"https:\/\/rivieraboatparty.com\/es\/wp-json\/wp\/v2\/users\/1"}],"replies":[{"embeddable":true,"href":"https:\/\/rivieraboatparty.com\/es\/wp-json\/wp\/v2\/comments?post=1435"}],"version-history":[{"count":1,"href":"https:\/\/rivieraboatparty.com\/es\/wp-json\/wp\/v2\/pages\/1435\/revisions"}],"predecessor-version":[{"id":1441,"href":"https:\/\/rivieraboatparty.com\/es\/wp-json\/wp\/v2\/pages\/1435\/revisions\/1441"}],"wp:featuredmedia":[{"embeddable":true,"href":"https:\/\/rivieraboatparty.com\/es\/wp-json\/wp\/v2\/media\/1433"}],"wp:attachment":[{"href":"https:\/\/rivieraboatparty.com\/es\/wp-json\/wp\/v2\/media?parent=1435"}],"curies":[{"name":"wp","href":"https:\/\/api.w.org\/{rel}","templated":true}]}}