{"id":728,"date":"2023-06-12T12:06:10","date_gmt":"2023-06-12T10:06:10","guid":{"rendered":"https:\/\/rivieraboatparty.com\/?page_id=728"},"modified":"2023-07-10T11:39:43","modified_gmt":"2023-07-10T09:39:43","slug":"riviera-boat-party-niza","status":"publish","type":"page","link":"https:\/\/rivieraboatparty.com\/es\/riviera-boat-party-niza\/","title":{"rendered":"Riviera Boat Party Niza"},"content":{"rendered":"<style><\/style>\t\t<div data-elementor-type=\"wp-page\" data-elementor-id=\"728\" class=\"elementor elementor-728 elementor-301\">\n\t\t\t\t\t\t<section class=\"elementor-section elementor-top-section elementor-element elementor-element-7b11507d elementor-section-boxed elementor-section-height-default elementor-section-height-default\" data-id=\"7b11507d\" data-element_type=\"section\" data-e-type=\"section\">\n\t\t\t\t\t\t<div class=\"elementor-container elementor-column-gap-default\">\n\t\t\t\t\t<div class=\"elementor-column elementor-col-100 elementor-top-column elementor-element elementor-element-6cf31daa\" data-id=\"6cf31daa\" data-element_type=\"column\" data-e-type=\"column\">\n\t\t\t<div class=\"elementor-widget-wrap elementor-element-populated\">\n\t\t\t\t\t\t<div class=\"elementor-element elementor-element-61615f05 elementor-widget elementor-widget-text-editor\" data-id=\"61615f05\" data-element_type=\"widget\" data-e-type=\"widget\" data-widget_type=\"text-editor.default\">\n\t\t\t\t<div class=\"elementor-widget-container\">\n\t\t\t\t\t\t\t\t\t<h2>riviera verano<br \/>fiesta en barco en nice<\/h2><p>\u00bfLe apetece un c\u00f3ctel en el sur de Francia?<\/p><p>\u00bfAlguna vez se ha preguntado cu\u00e1ndo ser\u00e1 la pr\u00f3xima gran fiesta en barco del verano de la Costa Azul?<\/p><p>Nos complace anunciar que nuestras fiestas de lujo est\u00e1n listas para embellecer sus vacaciones de verano en la Riviera francesa.<\/p><h2>3 Paquetes Disponibles<br \/>exclusiva Boat Party<\/h2><p><img decoding=\"async\" src=\"https:\/\/rivieraboatparty.com\/wp-content\/uploads\/2023\/06\/asset9-PB8STXE.png\" alt=\"Silver Pass\" \/><\/p><h2>Pase Plata<\/h2><p>69\u20ac<\/p><ul><li>4 horas de excursi\u00f3n mar\u00edtima de Niza a Villefranche<\/li><li>1 bebida (refresco \/ vino \/ cerveza \/ hard\/mixer)<\/li><li>Acceso a buffet fr\u00edo<\/li><li>Parada para nadar 2H00<\/li><li>Entretenimiento (Top DJ)<\/li><li>Fot\u00f3grafo profesional<\/li><li>Juguetes acu\u00e1ticos<\/li><\/ul><p><img decoding=\"async\" src=\"https:\/\/rivieraboatparty.com\/wp-content\/uploads\/2023\/06\/asset7-PB8STXE.png\" alt=\"PLATINUM PASS (VIP)\" \/><\/p><h2>PASE PLATINO (VIP)<\/h2><p>199\u20ac<\/p><ul><li>4 horas de excursi\u00f3n mar\u00edtima de Niza a Villefranche<\/li><li>1 botella gratuita de Ros\u00e9, champ\u00e1n o Prosecco 75CL<\/li><li>Acceso a buffet fr\u00edo<\/li><li>Parada para nadar 2H00<\/li><li>Entretenimiento (Top DJ)<\/li><li>Fot\u00f3grafo profesional<\/li><li>Juguetes acu\u00e1ticos<\/li><li>Servicio de botella Premium (champ\u00e1n \/ vino \/ duro)<\/li><li>Barra libre (refrescos \/ zumos)<\/li><li>Acceso prioritario al barco<\/li><li>Fotomat\u00f3n<\/li><li>Acceso prioritario a la zona Vip<\/li><li>Servicio de azafata<\/li><li>Afterparty en un bar local (s\u00f3lo para el tour nocturno)<\/li><\/ul><p><img decoding=\"async\" src=\"https:\/\/rivieraboatparty.com\/wp-content\/uploads\/2023\/06\/asset8-PB8STXE.png\" alt=\"Gold PASS\" \/><\/p><h2>PASS Oro<\/h2><p>149\u20ac<\/p><ul><li>4 horas de excursi\u00f3n mar\u00edtima de Niza a Villefranche<\/li><li>1 botella gratuita de Ros\u00e9, o Prosecco 75CL<\/li><li>Acceso a buffet fr\u00edo<\/li><li>Parada para nadar 2H00<\/li><li>Entretenimiento (Top DJ)<\/li><li>Fot\u00f3grafo profesional<\/li><li>Juguetes acu\u00e1ticos<\/li><li>Servicio de botella Premium (champ\u00e1n \/ vino \/ duro)<\/li><li>Barra libre (refrescos \/ zumos)<\/li><li>Acceso prioritario al barco<\/li><\/ul><h2>Sobre nuestro barco<\/h2><h2>OFRECEMOS LA MAYOR FIESTA EN BARCO DE LA RIVIERA EN NICE : UN D\u00cdA PARA RECORDAR<\/h2><p>\u00bfTe apetece un c\u00f3ctel en el sur de Francia? \u00bfAlguna vez se ha preguntado cu\u00e1ndo ser\u00e1 la pr\u00f3xima gran fiesta en barco del verano de la Riviera?<\/p><p>Nunca ha habido mejor momento para visitar la Costa Azul. A medida que suben las temperaturas, tambi\u00e9n lo hace la diversi\u00f3n. Imag\u00ednese en un elegante barco en el Mediterr\u00e1neo, de fiesta con amigos, familiares, colegas y otros entusiastas de los barcos.<\/p><p>Para dar la bienvenida al verano y estrenar la nueva y emocionante temporada, lanzamos excepcionales fiestas en barco en Niza. Incre\u00edbles DJ set, bebidas de bienvenida y aperitivos har\u00e1n de estos eventos una experiencia incre\u00edble. Las fiestas tendr\u00e1n lugar en un elegante, lujoso y flamante barco. Con capacidad para 180 pasajeros, 2 cubiertas, una zona VIP separada y una pista de baile, te lo pasar\u00e1s como nunca.<\/p><p>Su pr\u00f3xima Riviera Boat Party en Niza le est\u00e1 esperando para darle la bienvenida a bordo. Estamos orgullosos de ofrecer un barco de alta gama, con todo, desde bar, sal\u00f3n VIP, zona de baile, zona para relajarse y tomar el sol.<\/p><p>Date prisa en reservar tus billetes ya que las fechas y las plazas son limitadas.<\/p><p>Eventos corporativos<\/p><p>Si est\u00e1 buscando cruceros en barco corporativos para su gran evento de verano, p\u00f3ngase en contacto con Riviera Boat Parties en Niza para su pr\u00f3ximo evento corporativo exclusivo.<\/p><p>Despedidas de soltera<\/p><p>Nuestra fiesta en barco Riviera en Niza es perfecta para despedidas de soltera, con varias zonas de fiesta para acomodar a tus amigas o familiares.<\/p><p>Fiestas Privadas<\/p><p>\u00a1Organizamos magn\u00edficas fiestas todos los jueves! Si usted est\u00e1 planeando un evento de grupo y en busca de un lugar \u00fanico, a continuaci\u00f3n, darle una oportunidad.<\/p><p>Sala VIP<\/p><p>Nuestro objetivo es crear eventos \u00fanicos y memorables, con un servicio excepcional &#8211; nos centramos estrictamente en la m\u00fasica, las bebidas y el ambiente. Nuestra sala VIP lo tiene todo.<\/p><p>\u00a0<\/p><h2>M\u00e1s informaci\u00f3n&#8230;<br \/>caracter\u00edsticas principales del barco<\/h2><p>El lugar m\u00e1s bello de la tierra, est\u00e1 en el mar.<\/p><p>Saliendo del puerto de Niza, esc\u00e1pese medio d\u00eda o una noche a bordo de nuestro maxi-catamar\u00e1n y navegue con nosotros hacia los lugares m\u00e1s bellos de la Costa Azul.<\/p><h3>Bar completo<br \/>Tripulaci\u00f3n con talento<br \/>Remos y remolques<br \/>Sistema de sonido<br \/>Sala VIP<br \/>Seguridad<\/h3>\t\t\t\t\t\t\t\t<\/div>\n\t\t\t\t<\/div>\n\t\t\t\t\t<\/div>\n\t\t<\/div>\n\t\t\t\t\t<\/div>\n\t\t<\/section>\n\t\t\t\t<\/div>\n\t\t","protected":false},"excerpt":{"rendered":"<p>riviera veranofiesta en barco en nice \u00bfLe apetece un c\u00f3ctel en el sur de Francia? \u00bfAlguna vez se ha preguntado cu\u00e1ndo ser\u00e1 la pr\u00f3xima gran fiesta en barco del verano de la Costa Azul? Nos complace anunciar que nuestras fiestas de lujo est\u00e1n listas para embellecer sus vacaciones de verano en la Riviera francesa. 3 [&hellip;]<\/p>\n","protected":false},"author":1,"featured_media":585,"parent":0,"menu_order":0,"comment_status":"closed","ping_status":"closed","template":"elementor_header_footer","meta":{"footnotes":""},"class_list":["post-728","page","type-page","status-publish","has-post-thumbnail","hentry"],"yoast_head":"<!-- This site is optimized with the Yoast SEO plugin v27.4 - https:\/\/yoast.com\/product\/yoast-seo-wordpress\/ -->\n<title>Riviera Boat Party Niza - Riviera Boat Party &amp; Yacht Charter<\/title>\n<meta name=\"robots\" content=\"index, follow, max-snippet:-1, max-image-preview:large, max-video-preview:-1\" \/>\n<link rel=\"canonical\" href=\"https:\/\/rivieraboatparty.com\/es\/riviera-boat-party-niza\/\" \/>\n<meta property=\"og:locale\" content=\"es_ES\" \/>\n<meta property=\"og:type\" content=\"article\" \/>\n<meta property=\"og:title\" content=\"Riviera Boat Party Niza - Riviera Boat Party &amp; Yacht Charter\" \/>\n<meta property=\"og:description\" content=\"riviera veranofiesta en barco en nice \u00bfLe apetece un c\u00f3ctel en el sur de Francia? \u00bfAlguna vez se ha preguntado cu\u00e1ndo ser\u00e1 la pr\u00f3xima gran fiesta en barco del verano de la Costa Azul? Nos complace anunciar que nuestras fiestas de lujo est\u00e1n listas para embellecer sus vacaciones de verano en la Riviera francesa. 3 [&hellip;]\" \/>\n<meta property=\"og:url\" content=\"https:\/\/rivieraboatparty.com\/es\/riviera-boat-party-niza\/\" \/>\n<meta property=\"og:site_name\" content=\"Riviera Boat Party &amp; Yacht Charter\" \/>\n<meta property=\"article:modified_time\" content=\"2023-07-10T09:39:43+00:00\" \/>\n<meta property=\"og:image\" content=\"https:\/\/rivieraboatparty.com\/wp-content\/uploads\/2023\/06\/boat-party-nice-french-riviera-2-scaled.jpg\" \/>\n\t<meta property=\"og:image:width\" content=\"2560\" \/>\n\t<meta property=\"og:image:height\" content=\"1706\" \/>\n\t<meta property=\"og:image:type\" content=\"image\/jpeg\" \/>\n<meta name=\"twitter:card\" content=\"summary_large_image\" \/>\n<meta name=\"twitter:label1\" content=\"Tiempo de lectura\" \/>\n\t<meta name=\"twitter:data1\" content=\"4 minutos\" \/>\n<script type=\"application\/ld+json\" class=\"yoast-schema-graph\">{\"@context\":\"https:\\\/\\\/schema.org\",\"@graph\":[{\"@type\":\"WebPage\",\"@id\":\"https:\\\/\\\/rivieraboatparty.com\\\/es\\\/riviera-boat-party-niza\\\/\",\"url\":\"https:\\\/\\\/rivieraboatparty.com\\\/es\\\/riviera-boat-party-niza\\\/\",\"name\":\"Riviera Boat Party Niza - Riviera Boat Party &amp; Yacht Charter\",\"isPartOf\":{\"@id\":\"https:\\\/\\\/rivieraboatparty.com\\\/es\\\/#website\"},\"primaryImageOfPage\":{\"@id\":\"https:\\\/\\\/rivieraboatparty.com\\\/es\\\/riviera-boat-party-niza\\\/#primaryimage\"},\"image\":{\"@id\":\"https:\\\/\\\/rivieraboatparty.com\\\/es\\\/riviera-boat-party-niza\\\/#primaryimage\"},\"thumbnailUrl\":\"https:\\\/\\\/rivieraboatparty.com\\\/wp-content\\\/uploads\\\/2023\\\/06\\\/boat-party-nice-french-riviera-2-scaled.jpg\",\"datePublished\":\"2023-06-12T10:06:10+00:00\",\"dateModified\":\"2023-07-10T09:39:43+00:00\",\"breadcrumb\":{\"@id\":\"https:\\\/\\\/rivieraboatparty.com\\\/es\\\/riviera-boat-party-niza\\\/#breadcrumb\"},\"inLanguage\":\"es\",\"potentialAction\":[{\"@type\":\"ReadAction\",\"target\":[\"https:\\\/\\\/rivieraboatparty.com\\\/es\\\/riviera-boat-party-niza\\\/\"]}]},{\"@type\":\"ImageObject\",\"inLanguage\":\"es\",\"@id\":\"https:\\\/\\\/rivieraboatparty.com\\\/es\\\/riviera-boat-party-niza\\\/#primaryimage\",\"url\":\"https:\\\/\\\/rivieraboatparty.com\\\/wp-content\\\/uploads\\\/2023\\\/06\\\/boat-party-nice-french-riviera-2-scaled.jpg\",\"contentUrl\":\"https:\\\/\\\/rivieraboatparty.com\\\/wp-content\\\/uploads\\\/2023\\\/06\\\/boat-party-nice-french-riviera-2-scaled.jpg\",\"width\":2560,\"height\":1706,\"caption\":\"boat party Nice\"},{\"@type\":\"BreadcrumbList\",\"@id\":\"https:\\\/\\\/rivieraboatparty.com\\\/es\\\/riviera-boat-party-niza\\\/#breadcrumb\",\"itemListElement\":[{\"@type\":\"ListItem\",\"position\":1,\"name\":\"Accueil\",\"item\":\"https:\\\/\\\/rivieraboatparty.com\\\/es\\\/\"},{\"@type\":\"ListItem\",\"position\":2,\"name\":\"Riviera Boat Party Niza\"}]},{\"@type\":\"WebSite\",\"@id\":\"https:\\\/\\\/rivieraboatparty.com\\\/es\\\/#website\",\"url\":\"https:\\\/\\\/rivieraboatparty.com\\\/es\\\/\",\"name\":\"Riviera Boat Party &amp; Yacht Charter\",\"description\":\"Riviera Boat Party &amp; Yacht Charter | Cannes, Nice, Monaco French Riviera - C\u00f4te d&#039;Azur France\",\"potentialAction\":[{\"@type\":\"SearchAction\",\"target\":{\"@type\":\"EntryPoint\",\"urlTemplate\":\"https:\\\/\\\/rivieraboatparty.com\\\/es\\\/?s={search_term_string}\"},\"query-input\":{\"@type\":\"PropertyValueSpecification\",\"valueRequired\":true,\"valueName\":\"search_term_string\"}}],\"inLanguage\":\"es\"}]}<\/script>\n<!-- \/ Yoast SEO plugin. -->","yoast_head_json":{"title":"Riviera Boat Party Niza - Riviera Boat Party &amp; Yacht Charter","robots":{"index":"index","follow":"follow","max-snippet":"max-snippet:-1","max-image-preview":"max-image-preview:large","max-video-preview":"max-video-preview:-1"},"canonical":"https:\/\/rivieraboatparty.com\/es\/riviera-boat-party-niza\/","og_locale":"es_ES","og_type":"article","og_title":"Riviera Boat Party Niza - Riviera Boat Party &amp; Yacht Charter","og_description":"riviera veranofiesta en barco en nice \u00bfLe apetece un c\u00f3ctel en el sur de Francia? \u00bfAlguna vez se ha preguntado cu\u00e1ndo ser\u00e1 la pr\u00f3xima gran fiesta en barco del verano de la Costa Azul? Nos complace anunciar que nuestras fiestas de lujo est\u00e1n listas para embellecer sus vacaciones de verano en la Riviera francesa. 3 [&hellip;]","og_url":"https:\/\/rivieraboatparty.com\/es\/riviera-boat-party-niza\/","og_site_name":"Riviera Boat Party &amp; Yacht Charter","article_modified_time":"2023-07-10T09:39:43+00:00","og_image":[{"width":2560,"height":1706,"url":"https:\/\/rivieraboatparty.com\/wp-content\/uploads\/2023\/06\/boat-party-nice-french-riviera-2-scaled.jpg","type":"image\/jpeg"}],"twitter_card":"summary_large_image","twitter_misc":{"Tiempo de lectura":"4 minutos"},"schema":{"@context":"https:\/\/schema.org","@graph":[{"@type":"WebPage","@id":"https:\/\/rivieraboatparty.com\/es\/riviera-boat-party-niza\/","url":"https:\/\/rivieraboatparty.com\/es\/riviera-boat-party-niza\/","name":"Riviera Boat Party Niza - Riviera Boat Party &amp; Yacht Charter","isPartOf":{"@id":"https:\/\/rivieraboatparty.com\/es\/#website"},"primaryImageOfPage":{"@id":"https:\/\/rivieraboatparty.com\/es\/riviera-boat-party-niza\/#primaryimage"},"image":{"@id":"https:\/\/rivieraboatparty.com\/es\/riviera-boat-party-niza\/#primaryimage"},"thumbnailUrl":"https:\/\/rivieraboatparty.com\/wp-content\/uploads\/2023\/06\/boat-party-nice-french-riviera-2-scaled.jpg","datePublished":"2023-06-12T10:06:10+00:00","dateModified":"2023-07-10T09:39:43+00:00","breadcrumb":{"@id":"https:\/\/rivieraboatparty.com\/es\/riviera-boat-party-niza\/#breadcrumb"},"inLanguage":"es","potentialAction":[{"@type":"ReadAction","target":["https:\/\/rivieraboatparty.com\/es\/riviera-boat-party-niza\/"]}]},{"@type":"ImageObject","inLanguage":"es","@id":"https:\/\/rivieraboatparty.com\/es\/riviera-boat-party-niza\/#primaryimage","url":"https:\/\/rivieraboatparty.com\/wp-content\/uploads\/2023\/06\/boat-party-nice-french-riviera-2-scaled.jpg","contentUrl":"https:\/\/rivieraboatparty.com\/wp-content\/uploads\/2023\/06\/boat-party-nice-french-riviera-2-scaled.jpg","width":2560,"height":1706,"caption":"boat party Nice"},{"@type":"BreadcrumbList","@id":"https:\/\/rivieraboatparty.com\/es\/riviera-boat-party-niza\/#breadcrumb","itemListElement":[{"@type":"ListItem","position":1,"name":"Accueil","item":"https:\/\/rivieraboatparty.com\/es\/"},{"@type":"ListItem","position":2,"name":"Riviera Boat Party Niza"}]},{"@type":"WebSite","@id":"https:\/\/rivieraboatparty.com\/es\/#website","url":"https:\/\/rivieraboatparty.com\/es\/","name":"Riviera Boat Party &amp; Yacht Charter","description":"Riviera Boat Party &amp; Yacht Charter | Cannes, Nice, Monaco French Riviera - C\u00f4te d&#039;Azur France","potentialAction":[{"@type":"SearchAction","target":{"@type":"EntryPoint","urlTemplate":"https:\/\/rivieraboatparty.com\/es\/?s={search_term_string}"},"query-input":{"@type":"PropertyValueSpecification","valueRequired":true,"valueName":"search_term_string"}}],"inLanguage":"es"}]}},"_links":{"self":[{"href":"https:\/\/rivieraboatparty.com\/es\/wp-json\/wp\/v2\/pages\/728","targetHints":{"allow":["GET"]}}],"collection":[{"href":"https:\/\/rivieraboatparty.com\/es\/wp-json\/wp\/v2\/pages"}],"about":[{"href":"https:\/\/rivieraboatparty.com\/es\/wp-json\/wp\/v2\/types\/page"}],"author":[{"embeddable":true,"href":"https:\/\/rivieraboatparty.com\/es\/wp-json\/wp\/v2\/users\/1"}],"replies":[{"embeddable":true,"href":"https:\/\/rivieraboatparty.com\/es\/wp-json\/wp\/v2\/comments?post=728"}],"version-history":[{"count":3,"href":"https:\/\/rivieraboatparty.com\/es\/wp-json\/wp\/v2\/pages\/728\/revisions"}],"predecessor-version":[{"id":1851,"href":"https:\/\/rivieraboatparty.com\/es\/wp-json\/wp\/v2\/pages\/728\/revisions\/1851"}],"wp:featuredmedia":[{"embeddable":true,"href":"https:\/\/rivieraboatparty.com\/es\/wp-json\/wp\/v2\/media\/585"}],"wp:attachment":[{"href":"https:\/\/rivieraboatparty.com\/es\/wp-json\/wp\/v2\/media?parent=728"}],"curies":[{"name":"wp","href":"https:\/\/api.w.org\/{rel}","templated":true}]}}