{"id":1410,"date":"2023-06-26T19:08:26","date_gmt":"2023-06-26T17:08:26","guid":{"rendered":"https:\/\/rivieraboatparty.com\/?page_id=1410"},"modified":"2023-06-26T19:33:23","modified_gmt":"2023-06-26T17:33:23","slug":"conditions-generales","status":"publish","type":"page","link":"https:\/\/rivieraboatparty.com\/fr\/conditions-generales\/","title":{"rendered":"Conditions G\u00e9n\u00e9rales"},"content":{"rendered":"<h2><strong style=\"color: var(--wp--preset--color--foreground); font-family: var( --e-global-typography-primary-font-family ), Sans-serif; font-size: var( --e-global-typography-primary-font-size );\">D\u00e9finitions<\/strong><\/h2>\n<p>1.1 Dans les pr\u00e9sentes conditions g\u00e9n\u00e9rales, les termes suivants (au singulier et au pluriel) ont les significations suivantes:<br \/>\u2013 Conditions g\u00e9n\u00e9rales \u00bb, les conditions g\u00e9n\u00e9rales de Riviera Boat Party;<\/p>\n<p>\u2013 \u00c9v\u00e9nement &nbsp;\u00bb, l\u2019\u00e9v\u00e9nement public ou priv\u00e9 au cours duquel \u2013 \u00e0 titre d\u2019exemple, mais pas exclusivement \u2013 une activit\u00e9 \u00e0 caract\u00e8re touristique a lieu, y compris \u2013 mais sans s\u2019y limiter \u2013 une excursion, une visite de mus\u00e9e, un concert ou un \u00e9v\u00e9nement sportif ;<\/p>\n<p>\u2013 Lieu \u00bb, le lieu o\u00f9 se d\u00e9roule l\u2019\u00e9v\u00e9nement;<\/p>\n<p>\u2013 Organisateur \u00bb, la partie responsable de la production et \/ ou de l\u2019organisation de l\u2019\u00e9v\u00e9nement;<\/p>\n<p>\u2013 Accord \u00bb, l\u2019accord entre&nbsp;Riviera Boat Party&nbsp;et le consommateur pour la vente et la livraison de billets;<\/p>\n<p>\u2013 Ticket \u00bb, preuve d\u2019acc\u00e8s \u00e0 un \u00e9v\u00e9nement;<\/p>\n<p><strong>Applicabilit\u00e9<\/strong><\/p>\n<p>2.1 Les conditions g\u00e9n\u00e9rales ci-dessous et les conditions de r\u00e9servation et de commande de&nbsp;Riviera Boat Party s\u2019appliquent \u00e0 toutes les offres, commandes et accords de&nbsp;Riviera Boat Party.<\/p>\n<p>2.2 En outre, les conditions g\u00e9n\u00e9rales de vente de l\u2019organisateur et les conditions g\u00e9n\u00e9rales de la partie responsable des emplacements s\u2019appliqueront \u00e9galement au contrat. En cas de conflit entre les dispositions du contrat ou des pr\u00e9sentes conditions g\u00e9n\u00e9rales et les conditions g\u00e9n\u00e9rales susmentionn\u00e9es, les dispositions du contrat ou des pr\u00e9sentes conditions g\u00e9n\u00e9rales pr\u00e9vaudront. Des exemplaires des Conditions G\u00e9n\u00e9rales des Responsables des Lieux ou de l\u2019organisateur sont disponibles sur demande aupr\u00e8s des responsables des lieux en question ou aupr\u00e8s de l\u2019organisateur.<\/p>\n<p>2.3 En acceptant une offre ou en passant une commande, le consommateur accepte express\u00e9ment l\u2019applicabilit\u00e9 des pr\u00e9sentes conditions g\u00e9n\u00e9rales.<\/p>\n<p>2.4 Les \u00e9carts par rapport \u00e0 ce qui est stipul\u00e9 dans les pr\u00e9sentes conditions g\u00e9n\u00e9rales ne sont possibles que par \u00e9crit, auquel cas les autres dispositions resteront en vigueur.<\/p>\n<p>2.5. Tous les droits et droits stipul\u00e9s pour&nbsp;Riviera Boat Party, les pr\u00e9sentes conditions g\u00e9n\u00e9rales et tout autre accord s\u2019appliqueront \u00e9galement aux interm\u00e9diaires et autres tiers d\u00e9ploy\u00e9s par&nbsp;Riviera Boat Party.<\/p>\n<p><strong>Tarifs \/ offres<\/strong><\/p>\n<p>3.1 Toutes les offres de&nbsp;Riviera Boat Party&nbsp;sont sans engagement et&nbsp;Riviera Boat Party&nbsp;se r\u00e9serve express\u00e9ment le droit de modifier les prix, en particulier si cela est n\u00e9cessaire en raison de r\u00e9glementations l\u00e9gales ou autres.<\/p>\n<p>3.2 Tous les prix sont indiqu\u00e9s en euros, avec TVA.<\/p>\n<p>3.3 Dans certains cas, des prix promotionnels s\u2019appliquent. Ces prix sont valables pendant une p\u00e9riode d\u00e9termin\u00e9e tant que les stocks sont \u00e9puis\u00e9s. Aucun droit \u00e0 ces prix ne peut \u00eatre invoqu\u00e9 avant ou apr\u00e8s la p\u00e9riode d\u00e9termin\u00e9e.<\/p>\n<p>3.4&nbsp;Riviera Boat Party&nbsp;ne peut \u00eatre tenu \u00e0 aucune indication de prix manifestement incorrecte, par exemple en raison d\u2019erreurs de composition ou d\u2019impression \u00e9videntes. Aucun droit ne peut \u00eatre d\u00e9riv\u00e9 d\u2019informations de prix incorrectes.<\/p>\n<p>3.5 Pour chaque billet, un montant fixe sera factur\u00e9 pour les frais de service, qui peuvent varier en fonction de l\u2019\u00e9v\u00e9nement. Les frais de service comprennent les frais de transaction, les frais de consultation et les frais d\u2019exp\u00e9dition.<\/p>\n<p><strong>Annulations et retours<\/strong><\/p>\n<p>4.1 Un organisateur a le droit d\u2019annuler ou de modifier la date d\u2019un \u00e9v\u00e9nement. Dans ce cas,&nbsp;Riviera Boat Party&nbsp;tentera de fournir une solution adapt\u00e9e. Si un \u00e9v\u00e9nement est annul\u00e9 ou report\u00e9,&nbsp;Riviera Boat Partys fera tout son possible pour vous en informer dans les plus brefs d\u00e9lais. Cependant, nous ne pouvons garantir que le consommateur sera inform\u00e9 avant le d\u00e9but de l\u2019\u00e9v\u00e9nement et nous ne pouvons \u00eatre tenus responsables des frais encourus.<\/p>\n<p>4.2 Avant de confirmer votre r\u00e9servation, v\u00e9rifiez toujours attentivement que vous avez r\u00e9serv\u00e9 les bons billets. Toutes les annulations faites 48 heures avant l\u2019\u00e9v\u00e9nement seront rembours\u00e9es \u00e0 70%, il n\u2019y a pas de remboursement apr\u00e8s ce d\u00e9lai. Si votre billet est endommag\u00e9 \u00e0 un point tel que son authenticit\u00e9 ne peut plus \u00eatre v\u00e9rifi\u00e9e, vous pouvez contacter Riviera Bar crawl &amp; Tours. Vous serez alors inform\u00e9 des autres mesures \u00e0 prendre.<\/p>\n<p><strong>Paiements<\/strong><\/p>\n<p>Riviera Boat Party&nbsp;accepte deux modes de paiement. Les paiements en euros sont trait\u00e9s par carte bancaire ou en esp\u00e8ces. Vous ne recevrez pas de confirmation de votre r\u00e9servation d\u00e9finitive tant que votre paiement n\u2019aura pas \u00e9t\u00e9 approuv\u00e9.<\/p>\n<p><strong>Livraison<\/strong><\/p>\n<p>6.1 En fonction de la m\u00e9thode d\u2019envoi, les billets seront livr\u00e9s \u00e0 l\u2019adresse e-mail incluse dans la base de donn\u00e9es d\u2019adresses&nbsp;Riviera Boat Party.<\/p>\n<p>6.2 Les d\u00e9lais de livraison indiqu\u00e9s par&nbsp;Riviera Boat Party&nbsp;le sont \u00e0 titre indicatif uniquement. Le non-respect d\u2019un d\u00e9lai de livraison ne vous donnera pas droit \u00e0 une indemnisation des dommages, ni ne vous autorisera \u00e0 annuler la commande ou \u00e0 r\u00e9silier le contrat, \u00e0 moins que le non-respect du d\u00e9lai de livraison ne soit si grave qu\u2019il ne peut raisonnablement vous \u00eatre demand\u00e9 de respecter. l\u2019accord. Dans ce cas, vous serez en droit d\u2019annuler la commande ou de r\u00e9silier le contrat dans la mesure o\u00f9 cela est n\u00e9cessaire.<\/p>\n<p><strong>R\u00e9serve de propri\u00e9t\u00e9<\/strong><\/p>\n<p>7.1 La propri\u00e9t\u00e9 des billets livr\u00e9s ne vous sera transf\u00e9r\u00e9e que si vous avez satisfait \u00e0 toutes vos obligations envers&nbsp;Riviera Boat Party&nbsp;conform\u00e9ment \u00e0 quelque accord que ce soit. Le risque li\u00e9 aux billets vous sera transf\u00e9r\u00e9 au moment de la livraison.<\/p>\n<p><strong>R\u00e9clamations et responsabilit\u00e9<\/strong><\/p>\n<p>8.1 Vous \u00eates oblig\u00e9 de v\u00e9rifier \u00e0 la livraison pour vous assurer que les billets sont conformes \u00e0 l\u2019accord. Si ce n\u2019est pas le cas, vous devez informer&nbsp;Riviera Boat Party&nbsp;par \u00e9crit et en motivant le plus t\u00f4t possible et en tout \u00e9tat de cause dans les trois (5) jours suivant la livraison, \u00e0 condition qu\u2019il \u00e9tait raisonnablement possible de v\u00e9rifier ce fait.<\/p>\n<p>8.2 S\u2019il est d\u00e9montr\u00e9 que les billets ne sont pas conformes \u00e0 l\u2019accord,&nbsp;Riviera Boat Party&nbsp;peut choisir de remplacer les billets en question par de nouveaux billets en \u00e9change de leur retour ou de rembourser le montant pay\u00e9.<\/p>\n<p><strong>Communication \u00e9lectronique et preuves<\/strong><\/p>\n<p>9.1&nbsp;Riviera Boat Party&nbsp;n\u2019est pas responsable des malentendus, des distorsions, des retards ou de la transmission incorrecte de donn\u00e9es et de messages r\u00e9sultant de l\u2019utilisation d\u2019Internet ou de toute autre ressource de communication dans le trafic entre le client et&nbsp;Riviera Boat Party&nbsp;( ou les parties d\u00e9ploy\u00e9es par le client).<\/p>\n<p>9.2 Les registres de&nbsp;Riviera Boat Party&nbsp;serviront de preuve compl\u00e8te de l\u2019existence, du contenu et de la mise en \u0153uvre de l\u2019accord avec le client dans toute proc\u00e9dure judiciaire, sous r\u00e9serve des contre-preuves fournies par la partie qui invoque le fait que la preuve n\u2019est pas fiable.<\/p>\n<p><strong>Force majeure<\/strong><\/p>\n<p>10.1 Sans pr\u00e9judice des autres droits auxquels il pourrait avoir droit, en cas de force majeure,&nbsp;Riviera Boat Party&nbsp;est en droit, \u00e0 son choix, de suspendre l\u2019ex\u00e9cution de votre commande ou de r\u00e9silier le contrat sans intervention l\u00e9gale, par vous en informer par \u00e9crit et sans que&nbsp;Riviera Boat Party&nbsp;ne soit tenu responsable d\u2019une quelconque indemnisation pour dommages \u00e0 moins que dans les circonstances actuelles, cela ne soit inacceptable conform\u00e9ment au caract\u00e8re raisonnable et \u00e9quitable.<\/p>\n<p>10.2 On entend par force majeure toute lacune qui ne peut \u00eatre imput\u00e9e \u00e0&nbsp;Riviera Boat Party&nbsp;car elle ne peut lui \u00eatre imput\u00e9e ni consid\u00e9r\u00e9e comme sa responsabilit\u00e9 conform\u00e9ment \u00e0 la loi, \u00e0 une action en justice ou \u00e0 des vues g\u00e9n\u00e9ralement accept\u00e9es.<\/p>\n<p><strong>Dispositions sp\u00e9ciales, responsabilit\u00e9<\/strong><\/p>\n<p>11.1. L\u2019acheteur d\u2019un billet fourni par&nbsp;Riviera Boat Party. doit se comporter en bon visiteur des \u00e9v\u00e9nements et se conformer aux instructions qui lui sont donn\u00e9es par ou au nom de l\u2019organisateur de l\u2019\u00e9v\u00e9nement \u00e0 visiter ainsi que par les autorit\u00e9s comp\u00e9tentes.<\/p>\n<p>11.2&nbsp;Riviera Boat Party&nbsp;ne sera pas responsable de tout refus de l\u2019organisateur d\u2019un \u00e9v\u00e9nement ou des pouvoirs publics d\u2019admettre l\u2019acheteur d\u2019un billet fourni par&nbsp;Riviera Boat Party&nbsp;\u00e0 un \u00e9v\u00e9nement du fait d\u2019actions et \/ ou de n\u00e9gligence de la part de l\u2019acheteur.<\/p>\n<p>11.3 L\u2019acheteur d\u2019un billet assiste \u00e0 un \u00e9v\u00e9nement \u00e0 ses risques et p\u00e9rils.&nbsp;Riviera Boat Party&nbsp;ne sera pas responsable des dommages subis par l\u2019acheteur pendant le voyage vers et depuis l\u2019\u00e9v\u00e9nement ou lors de sa participation \u00e0 l\u2019\u00e9v\u00e9nement.<\/p>\n<p>11.4 L\u2019acheteur d\u2019un billet fourni par&nbsp;Riviera Boat Party&nbsp;doit s\u2019informer lui-m\u00eame des instructions \u00e9mises par ou au nom de l\u2019organisateur de l\u2019\u00e9v\u00e9nement ou des autorit\u00e9s comp\u00e9tentes y relatives, y compris de tout changement concernant l\u2019\u00e9v\u00e9nement, tel que heure de d\u00e9part, etc. Riviera Bar crawl &amp; Tours n\u2019a aucune obligation de fournir \u00e0 l\u2019acheteur d\u2019un billet de plus amples informations \u00e0 ce sujet.<\/p>\n<p><strong>D\u2019autres provisions<\/strong><\/p>\n<p>12.1 Si une ou plusieurs des dispositions des pr\u00e9sentes Conditions g\u00e9n\u00e9rales ou de tout autre accord avec&nbsp;Riviera Boat Party sont en conflit avec une r\u00e9glementation l\u00e9gale applicable, la disposition en question deviendra caduque et sera remplac\u00e9e par une nouvelle stipulation comparable admissible par la loi \u00e0 \u00eatre d\u00e9termin\u00e9 par&nbsp;Riviera Boat Party.<\/p>\n<p>12.2 La loi fran\u00e7aise s\u2019applique \u00e0 tous les accords conclus avec ou conclus par&nbsp;Riviera Boat Party. Les litiges d\u00e9coulant directement ou indirectement de ces accords seront exclusivement r\u00e9gl\u00e9s par le Tribunal de Nice.<\/p>\n<p data-pm-slice=\"1 1 []\">French Riviera Parties<\/p>\n<p>3 avenue Malaussena 2ai 06000 Nice<\/p>\n<p>Siret : 83947495400014<\/p>\n","protected":false},"excerpt":{"rendered":"<p>D\u00e9finitions 1.1 Dans les pr\u00e9sentes conditions g\u00e9n\u00e9rales, les termes suivants (au singulier et au pluriel) ont les significations suivantes:\u2013 Conditions g\u00e9n\u00e9rales \u00bb, les conditions g\u00e9n\u00e9rales de Riviera Boat Party; \u2013 \u00c9v\u00e9nement &nbsp;\u00bb, l\u2019\u00e9v\u00e9nement public ou priv\u00e9 au cours duquel \u2013 \u00e0 titre d\u2019exemple, mais pas exclusivement \u2013 une activit\u00e9 \u00e0 caract\u00e8re touristique a lieu, y [&hellip;]<\/p>\n","protected":false},"author":1,"featured_media":1411,"parent":0,"menu_order":0,"comment_status":"closed","ping_status":"closed","template":"","meta":{"footnotes":""},"class_list":["post-1410","page","type-page","status-publish","has-post-thumbnail","hentry"],"yoast_head":"<!-- This site is optimized with the Yoast SEO plugin v27.3 - https:\/\/yoast.com\/product\/yoast-seo-wordpress\/ -->\n<title>Conditions G\u00e9n\u00e9rales - Riviera Boat Party &amp; Yacht Charter<\/title>\n<meta name=\"description\" content=\"D\u00e9couvrez les conditions g\u00e9n\u00e9rales de Riviera Boat Party. Toutes les informations l\u00e9gales sont disponibles sur cette page !\" \/>\n<meta name=\"robots\" content=\"index, follow, max-snippet:-1, max-image-preview:large, max-video-preview:-1\" \/>\n<link rel=\"canonical\" href=\"https:\/\/rivieraboatparty.com\/fr\/conditions-generales\/\" \/>\n<meta property=\"og:locale\" content=\"fr_FR\" \/>\n<meta property=\"og:type\" content=\"article\" \/>\n<meta property=\"og:title\" content=\"Conditions G\u00e9n\u00e9rales - Riviera Boat Party &amp; Yacht Charter\" \/>\n<meta property=\"og:description\" content=\"D\u00e9couvrez les conditions g\u00e9n\u00e9rales de Riviera Boat Party. Toutes les informations l\u00e9gales sont disponibles sur cette page !\" \/>\n<meta property=\"og:url\" content=\"https:\/\/rivieraboatparty.com\/fr\/conditions-generales\/\" \/>\n<meta property=\"og:site_name\" content=\"Riviera Boat Party &amp; Yacht Charter\" \/>\n<meta property=\"article:modified_time\" content=\"2023-06-26T17:33:23+00:00\" \/>\n<meta property=\"og:image\" content=\"https:\/\/rivieraboatparty.com\/wp-content\/uploads\/2023\/06\/conditions-generales-scaled.jpg\" \/>\n\t<meta property=\"og:image:width\" content=\"2560\" \/>\n\t<meta property=\"og:image:height\" content=\"1706\" \/>\n\t<meta property=\"og:image:type\" content=\"image\/jpeg\" \/>\n<meta name=\"twitter:card\" content=\"summary_large_image\" \/>\n<meta name=\"twitter:label1\" content=\"Dur\u00e9e de lecture estim\u00e9e\" \/>\n\t<meta name=\"twitter:data1\" content=\"8 minutes\" \/>\n<script type=\"application\/ld+json\" class=\"yoast-schema-graph\">{\"@context\":\"https:\\\/\\\/schema.org\",\"@graph\":[{\"@type\":\"WebPage\",\"@id\":\"https:\\\/\\\/rivieraboatparty.com\\\/fr\\\/conditions-generales\\\/\",\"url\":\"https:\\\/\\\/rivieraboatparty.com\\\/fr\\\/conditions-generales\\\/\",\"name\":\"Conditions G\u00e9n\u00e9rales - Riviera Boat Party &amp; Yacht Charter\",\"isPartOf\":{\"@id\":\"https:\\\/\\\/rivieraboatparty.com\\\/fr\\\/#website\"},\"primaryImageOfPage\":{\"@id\":\"https:\\\/\\\/rivieraboatparty.com\\\/fr\\\/conditions-generales\\\/#primaryimage\"},\"image\":{\"@id\":\"https:\\\/\\\/rivieraboatparty.com\\\/fr\\\/conditions-generales\\\/#primaryimage\"},\"thumbnailUrl\":\"https:\\\/\\\/rivieraboatparty.com\\\/wp-content\\\/uploads\\\/2023\\\/06\\\/conditions-generales-scaled.jpg\",\"datePublished\":\"2023-06-26T17:08:26+00:00\",\"dateModified\":\"2023-06-26T17:33:23+00:00\",\"description\":\"D\u00e9couvrez les conditions g\u00e9n\u00e9rales de Riviera Boat Party. Toutes les informations l\u00e9gales sont disponibles sur cette page !\",\"breadcrumb\":{\"@id\":\"https:\\\/\\\/rivieraboatparty.com\\\/fr\\\/conditions-generales\\\/#breadcrumb\"},\"inLanguage\":\"fr-FR\",\"potentialAction\":[{\"@type\":\"ReadAction\",\"target\":[\"https:\\\/\\\/rivieraboatparty.com\\\/fr\\\/conditions-generales\\\/\"]}]},{\"@type\":\"ImageObject\",\"inLanguage\":\"fr-FR\",\"@id\":\"https:\\\/\\\/rivieraboatparty.com\\\/fr\\\/conditions-generales\\\/#primaryimage\",\"url\":\"https:\\\/\\\/rivieraboatparty.com\\\/wp-content\\\/uploads\\\/2023\\\/06\\\/conditions-generales-scaled.jpg\",\"contentUrl\":\"https:\\\/\\\/rivieraboatparty.com\\\/wp-content\\\/uploads\\\/2023\\\/06\\\/conditions-generales-scaled.jpg\",\"width\":2560,\"height\":1706,\"caption\":\"Conditions g\u00e9n\u00e9rales\"},{\"@type\":\"BreadcrumbList\",\"@id\":\"https:\\\/\\\/rivieraboatparty.com\\\/fr\\\/conditions-generales\\\/#breadcrumb\",\"itemListElement\":[{\"@type\":\"ListItem\",\"position\":1,\"name\":\"Accueil\",\"item\":\"https:\\\/\\\/rivieraboatparty.com\\\/fr\\\/\"},{\"@type\":\"ListItem\",\"position\":2,\"name\":\"Conditions G\u00e9n\u00e9rales\"}]},{\"@type\":\"WebSite\",\"@id\":\"https:\\\/\\\/rivieraboatparty.com\\\/fr\\\/#website\",\"url\":\"https:\\\/\\\/rivieraboatparty.com\\\/fr\\\/\",\"name\":\"Riviera Boat Party &amp; Yacht Charter\",\"description\":\"Riviera Boat Party &amp; Yacht Charter | Cannes, Nice, Monaco French Riviera - C\u00f4te d&#039;Azur France\",\"potentialAction\":[{\"@type\":\"SearchAction\",\"target\":{\"@type\":\"EntryPoint\",\"urlTemplate\":\"https:\\\/\\\/rivieraboatparty.com\\\/fr\\\/?s={search_term_string}\"},\"query-input\":{\"@type\":\"PropertyValueSpecification\",\"valueRequired\":true,\"valueName\":\"search_term_string\"}}],\"inLanguage\":\"fr-FR\"}]}<\/script>\n<!-- \/ Yoast SEO plugin. -->","yoast_head_json":{"title":"Conditions G\u00e9n\u00e9rales - Riviera Boat Party &amp; Yacht Charter","description":"D\u00e9couvrez les conditions g\u00e9n\u00e9rales de Riviera Boat Party. Toutes les informations l\u00e9gales sont disponibles sur cette page !","robots":{"index":"index","follow":"follow","max-snippet":"max-snippet:-1","max-image-preview":"max-image-preview:large","max-video-preview":"max-video-preview:-1"},"canonical":"https:\/\/rivieraboatparty.com\/fr\/conditions-generales\/","og_locale":"fr_FR","og_type":"article","og_title":"Conditions G\u00e9n\u00e9rales - Riviera Boat Party &amp; Yacht Charter","og_description":"D\u00e9couvrez les conditions g\u00e9n\u00e9rales de Riviera Boat Party. Toutes les informations l\u00e9gales sont disponibles sur cette page !","og_url":"https:\/\/rivieraboatparty.com\/fr\/conditions-generales\/","og_site_name":"Riviera Boat Party &amp; Yacht Charter","article_modified_time":"2023-06-26T17:33:23+00:00","og_image":[{"width":2560,"height":1706,"url":"https:\/\/rivieraboatparty.com\/wp-content\/uploads\/2023\/06\/conditions-generales-scaled.jpg","type":"image\/jpeg"}],"twitter_card":"summary_large_image","twitter_misc":{"Dur\u00e9e de lecture estim\u00e9e":"8 minutes"},"schema":{"@context":"https:\/\/schema.org","@graph":[{"@type":"WebPage","@id":"https:\/\/rivieraboatparty.com\/fr\/conditions-generales\/","url":"https:\/\/rivieraboatparty.com\/fr\/conditions-generales\/","name":"Conditions G\u00e9n\u00e9rales - Riviera Boat Party &amp; Yacht Charter","isPartOf":{"@id":"https:\/\/rivieraboatparty.com\/fr\/#website"},"primaryImageOfPage":{"@id":"https:\/\/rivieraboatparty.com\/fr\/conditions-generales\/#primaryimage"},"image":{"@id":"https:\/\/rivieraboatparty.com\/fr\/conditions-generales\/#primaryimage"},"thumbnailUrl":"https:\/\/rivieraboatparty.com\/wp-content\/uploads\/2023\/06\/conditions-generales-scaled.jpg","datePublished":"2023-06-26T17:08:26+00:00","dateModified":"2023-06-26T17:33:23+00:00","description":"D\u00e9couvrez les conditions g\u00e9n\u00e9rales de Riviera Boat Party. Toutes les informations l\u00e9gales sont disponibles sur cette page !","breadcrumb":{"@id":"https:\/\/rivieraboatparty.com\/fr\/conditions-generales\/#breadcrumb"},"inLanguage":"fr-FR","potentialAction":[{"@type":"ReadAction","target":["https:\/\/rivieraboatparty.com\/fr\/conditions-generales\/"]}]},{"@type":"ImageObject","inLanguage":"fr-FR","@id":"https:\/\/rivieraboatparty.com\/fr\/conditions-generales\/#primaryimage","url":"https:\/\/rivieraboatparty.com\/wp-content\/uploads\/2023\/06\/conditions-generales-scaled.jpg","contentUrl":"https:\/\/rivieraboatparty.com\/wp-content\/uploads\/2023\/06\/conditions-generales-scaled.jpg","width":2560,"height":1706,"caption":"Conditions g\u00e9n\u00e9rales"},{"@type":"BreadcrumbList","@id":"https:\/\/rivieraboatparty.com\/fr\/conditions-generales\/#breadcrumb","itemListElement":[{"@type":"ListItem","position":1,"name":"Accueil","item":"https:\/\/rivieraboatparty.com\/fr\/"},{"@type":"ListItem","position":2,"name":"Conditions G\u00e9n\u00e9rales"}]},{"@type":"WebSite","@id":"https:\/\/rivieraboatparty.com\/fr\/#website","url":"https:\/\/rivieraboatparty.com\/fr\/","name":"Riviera Boat Party &amp; Yacht Charter","description":"Riviera Boat Party &amp; Yacht Charter | Cannes, Nice, Monaco French Riviera - C\u00f4te d&#039;Azur France","potentialAction":[{"@type":"SearchAction","target":{"@type":"EntryPoint","urlTemplate":"https:\/\/rivieraboatparty.com\/fr\/?s={search_term_string}"},"query-input":{"@type":"PropertyValueSpecification","valueRequired":true,"valueName":"search_term_string"}}],"inLanguage":"fr-FR"}]}},"_links":{"self":[{"href":"https:\/\/rivieraboatparty.com\/fr\/wp-json\/wp\/v2\/pages\/1410","targetHints":{"allow":["GET"]}}],"collection":[{"href":"https:\/\/rivieraboatparty.com\/fr\/wp-json\/wp\/v2\/pages"}],"about":[{"href":"https:\/\/rivieraboatparty.com\/fr\/wp-json\/wp\/v2\/types\/page"}],"author":[{"embeddable":true,"href":"https:\/\/rivieraboatparty.com\/fr\/wp-json\/wp\/v2\/users\/1"}],"replies":[{"embeddable":true,"href":"https:\/\/rivieraboatparty.com\/fr\/wp-json\/wp\/v2\/comments?post=1410"}],"version-history":[{"count":4,"href":"https:\/\/rivieraboatparty.com\/fr\/wp-json\/wp\/v2\/pages\/1410\/revisions"}],"predecessor-version":[{"id":1420,"href":"https:\/\/rivieraboatparty.com\/fr\/wp-json\/wp\/v2\/pages\/1410\/revisions\/1420"}],"wp:featuredmedia":[{"embeddable":true,"href":"https:\/\/rivieraboatparty.com\/fr\/wp-json\/wp\/v2\/media\/1411"}],"wp:attachment":[{"href":"https:\/\/rivieraboatparty.com\/fr\/wp-json\/wp\/v2\/media?parent=1410"}],"curies":[{"name":"wp","href":"https:\/\/api.w.org\/{rel}","templated":true}]}}