{"id":1428,"date":"2023-06-26T19:08:26","date_gmt":"2023-06-26T17:08:26","guid":{"rendered":"https:\/\/rivieraboatparty.com\/?page_id=1428"},"modified":"2023-06-26T19:48:33","modified_gmt":"2023-06-26T17:48:33","slug":"termini-e-condizioni","status":"publish","type":"page","link":"https:\/\/rivieraboatparty.com\/it\/termini-e-condizioni\/","title":{"rendered":"Termini e condizioni"},"content":{"rendered":"<div id=\"st-content-wrapper\" class=\"search-result-page search-result-page--custom\">\n<div class=\"container\">\n<p><strong>Definizioni<\/strong><\/p>\n<p>1.1 Nelle presenti Condizioni Generali, i seguenti termini (sia al singolare che al plurale) hanno i seguenti significati:<br \/>\n\u2013 Condizioni Generali\u2019, le Condizioni Generali di Riviera Boat Party;<\/p>\n<p>\u2013 Evento\u2019, l\u2019evento pubblico o privato in cui \u2013 a titolo esemplificativo, ma non esclusivo \u2013 si svolge un\u2019attivit\u00e0 di carattere turistico, tra cui \u2013 ma non solo \u2013 un\u2019escursione, una visita a un museo, un concerto o un evento sportivo;<\/p>\n<p>\u2013 Luogo\u201d, il luogo in cui si svolge l\u2019evento;<\/p>\n<p>\u2013 Organizzatore\u2019, il soggetto responsabile della produzione e\/o dell\u2019organizzazione dell\u2019evento;<\/p>\n<p>\u2013 Contratto\u2019, l\u2019accordo tra Riviera Boat Party e il consumatore per la vendita e la consegna dei biglietti;<\/p>\n<p>\u2013 Biglietto\u2019, la prova di accesso a un evento;<\/p>\n<p><strong>Applicabilit\u00e0<\/strong><br \/>\n2.1 Le seguenti Condizioni Generali e le condizioni di prenotazione e d\u2019ordine di Riviera Boat Party si applicano a tutte le offerte, ordini e contratti di Riviera Boat Party.<\/p>\n<p>2.2 Al contratto si applicano inoltre le condizioni generali dell\u2019organizzatore e le condizioni generali del responsabile delle localit\u00e0. In caso di conflitto tra le disposizioni dell\u2019accordo o delle presenti Condizioni Generali e le suddette condizioni, prevarranno le disposizioni dell\u2019accordo o delle presenti Condizioni Generali. Copie delle Condizioni Generali dei responsabili delle Sedi o dell\u2019organizzatore sono disponibili su richiesta presso i responsabili delle Sedi in questione o presso l\u2019organizzatore.<\/p>\n<p>2.3 Accettando un\u2019offerta o effettuando un ordine, il consumatore accetta espressamente l\u2019applicabilit\u00e0 delle presenti Condizioni Generali.<\/p>\n<p>2.4 Deviazioni da quanto stabilito nelle presenti Condizioni Generali sono possibili solo per iscritto, nel qual caso le altre disposizioni rimarranno in vigore senza variazioni.<\/p>\n<p>2.5. Tutti i diritti e le facolt\u00e0 previsti per Riviera Boat Party dalle presenti Condizioni Generali ed eventuali ulteriori accordi valgono anche per gli intermediari e altri terzi impiegati da Riviera Boat Party.<\/p>\n<p><strong>Prezzi\/offerte<\/strong><br \/>\n3.1 Tutte le offerte di Riviera Boat Party sono senza impegno e Riviera Boat Party si riserva espressamente il diritto di modificare i prezzi, in particolare se ci\u00f2 \u00e8 necessario a seguito di norme di legge o di altro tipo.<\/p>\n<p>3.2 Tutti i prezzi sono indicati in euro, con IVA.<\/p>\n<p>3.3 In alcuni casi, si applicano prezzi promozionali. Questi prezzi sono validi per un determinato periodo fino ad esaurimento delle scorte. Nessun diritto a questi prezzi pu\u00f2 essere invocato prima o dopo il periodo specifico.<\/p>\n<p>3.4 Riviera Boat Party non pu\u00f2 essere ritenuta responsabile di indicazioni di prezzo palesemente errate, per esempio a causa di evidenti errori di battitura o di stampa. Nessun diritto pu\u00f2 essere derivato da indicazioni di prezzo errate.<\/p>\n<p>3.5 Per ogni biglietto viene addebitato un importo fisso per i costi di servizio, che pu\u00f2 variare a seconda dell\u2019evento. I costi di servizio comprendono i costi di transazione, i costi di consultazione e i costi di spedizione.<\/p>\n<p><strong>Annullamenti e restituzioni<\/strong><br \/>\n4.1 L\u2019organizzatore ha il diritto di annullare o modificare la data di un evento. In questo caso, Riviera Bar crawl &amp; Tours cercher\u00e0 di fornire una soluzione adeguata. Se un evento viene annullato o rinviato, Riviera Boat Party far\u00e0 il possibile per informarti il prima possibile. Tuttavia, non possiamo garantire che il consumatore venga informato prima dell\u2019inizio dell\u2019evento e non possiamo essere ritenuti responsabili di eventuali costi sostenuti.<\/p>\n<p>4.2 Prima di confermare la prenotazione, controlla sempre attentamente di aver prenotato i biglietti giusti. Tutte le cancellazioni effettuate 48 ore prima dell\u2019evento saranno rimborsate al 70%, non \u00e8 previsto alcun rimborso dopo questo termine. Se il tuo biglietto \u00e8 danneggiato a tal punto che la sua autenticit\u00e0 non pu\u00f2 pi\u00f9 essere verificata, puoi contattare Riviera Boat Party. Sarete quindi informati sulle ulteriori azioni da intraprendere.<\/p>\n<p><strong>Pagamenti<\/strong><br \/>\nRiviera Boat Party accetta due metodi di pagamento. I pagamenti in euro vengono effettuati con carta di credito o in contanti. Non riceverai la conferma della tua prenotazione definitiva finch\u00e9 il tuo pagamento non sar\u00e0 stato approvato.<\/p>\n<p><strong>Consegna<\/strong><br \/>\n6.1 A seconda della modalit\u00e0 di invio, i biglietti saranno consegnati all\u2019indirizzo e-mail inserito nel database degli indirizzi di Riviera Boat Party.<\/p>\n<p>6.2 I tempi di consegna indicati da Riviera Boat Party sono puramente indicativi. Il mancato rispetto di qualsiasi termine di consegna non ti dar\u00e0 diritto al risarcimento del danno, n\u00e9 ti dar\u00e0 diritto all\u2019annullamento dell\u2019ordine o allo scioglimento del contratto, salvo che tale mancato rispetto del termine di consegna sia cos\u00ec grave che non si possa ragionevolmente esigere da te il rispetto del contratto. In tal caso, avrete il diritto di annullare l\u2019ordine o di sciogliere il contratto nella misura in cui ci\u00f2 sia necessario.<\/p>\n<p><strong>Riserva di propriet\u00e0<\/strong><br \/>\n7.1 La propriet\u00e0 dei biglietti consegnati si trasferisce a Lei solo se Lei ha adempiuto a tutti i Suoi obblighi nei confronti di Riviera Boat Party in base a qualsiasi accordo. Il rischio relativo ai biglietti ti viene trasferito al momento della consegna.<\/p>\n<p><strong>Reclami e responsabilit\u00e0<\/strong><br \/>\n8.1 Lei \u00e8 tenuto a controllare al momento della consegna che i biglietti siano conformi al contratto. In caso contrario, deve informare Riviera Boat Party per iscritto e con motivazioni il pi\u00f9 presto possibile e in ogni caso entro tre (5) giorni dalla consegna, sempre che sia stato ragionevolmente possibile accertare tale fatto.<\/p>\n<p>8.2 Se \u00e8 stato dimostrato che i biglietti non sono conformi al contratto, Riviera Boat Party pu\u00f2 scegliere di sostituire i biglietti in questione con nuovi biglietti in cambio della loro restituzione o di rimborsare l\u2019importo pagato.<\/p>\n<p><strong>Comunicazioni elettroniche e prove<\/strong><br \/>\n9.1 Riviera Boat Party non \u00e8 responsabile di eventuali malintesi, distorsioni, ritardi o errata trasmissione di dati e messaggi a seguito dell\u2019utilizzo di internet o di qualsiasi altra risorsa di comunicazione nel traffico tra il cliente e Riviera Boat Party\u00a0(o i soggetti incaricati dal cliente).<\/p>\n<p>9.2 I registri di Riviera Boat Party serviranno come prova completa dell\u2019esistenza, del contenuto e dell\u2019esecuzione del contratto con il cliente in qualsiasi procedura legale, con riserva di controprova fornita dalla parte che invoca il fatto che la prova \u00e8 inattendibile.<\/p>\n<p><strong>Forza maggiore<\/strong><br \/>\n10.1 Fatti salvi gli altri diritti che le spettano, in caso di forza maggiore, Riviera Boat Party ha il diritto, a sua scelta, di sospendere l\u2019esecuzione del tuo ordine o di sciogliere il contratto senza intervento legale, informandoti di ci\u00f2 per iscritto e senza che Riviera Boat Party sia tenuta ad alcun risarcimento danni, a meno che nelle circostanze prevalenti ci\u00f2 sia inaccettabile secondo ogni ragionevolezza ed equit\u00e0.<\/p>\n<p>10.2 Per forza maggiore si intende qualsiasi inconveniente che non pu\u00f2 essere attribuito a Riviera Boat Party\u00a0perch\u00e9 non pu\u00f2 essere imputato ad essa n\u00e9 ritenuto di sua responsabilit\u00e0 secondo la legge, l\u2019azione legale o le opinioni generalmente accettate.<\/p>\n<p><strong>Disposizioni particolari, responsabilit\u00e0<\/strong><br \/>\n11.1. L\u2019acquirente di un biglietto fornito da Riviera Boat Party. deve comportarsi come un buon e ordinato visitatore di manifestazioni e deve rispettare le istruzioni che gli vengono impartite da o per conto dell\u2019organizzatore della manifestazione da visitare nonch\u00e9 dalle autorit\u00e0 competenti.<\/p>\n<p>11.2 Riviera Boat Party non \u00e8 responsabile dell\u2019eventuale rifiuto da parte dell\u2019organizzatore di una manifestazione o delle autorit\u00e0 pubbliche di ammettere l\u2019acquirente di un biglietto fornito da Riviera Bar crawl &amp; Tours ad una manifestazione a seguito di azioni e\/o negligenze dell\u2019acquirente.<\/p>\n<p>11.3 L\u2019acquirente di un biglietto assiste ad una manifestazione a suo rischio e pericolo. Riviera Boat Party non sar\u00e0 responsabile di eventuali danni subiti dall\u2019acquirente durante il tragitto da e per l\u2019evento o durante la partecipazione all\u2019evento.<\/p>\n<p>11.4 L\u2019acquirente di un biglietto fornito da Riviera Boat Partys \u00e8 tenuto a informarsi sulle istruzioni impartite da o per conto dell\u2019organizzatore della manifestazione o dalle autorit\u00e0 competenti in merito alla stessa, comprese le eventuali modifiche relative alla manifestazione, come l\u2019orario di inizio, ecc. Riviera Boat Party non ha alcun obbligo di fornire all\u2019acquirente di un biglietto ulteriori informazioni al riguardo.<\/p>\n<p><strong>Altre disposizioni<\/strong><br \/>\n12.1 Se una o pi\u00f9 disposizioni delle presenti Condizioni Generali o di qualsiasi altro accordo con Riviera Boat Party sono in conflitto con qualsiasi regolamento legale applicabile, la disposizione in questione decadr\u00e0 e sar\u00e0 sostituita da una nuova disposizione comparabile ammissibile per legge che sar\u00e0 determinata da Riviera Boat Party.<\/p>\n<p>12.2 La legge francese si applica a tutti i contratti stipulati con o conclusi da Riviera Boat Party le controversie derivanti direttamente o indirettamente da questi contratti saranno risolte esclusivamente dal Tribunale di Nizza.<\/p>\n<p data-pm-slice=\"1 1 []\">French Riviera Parties<\/p>\n<p>3 avenue Malaussena 2ai 06000 Nice<\/p>\n<p>Siret : 83947495400014<\/p>\n<\/div>\n<\/div>\n<footer id=\"main-footer\" class=\"clearfix  \">\n<div class=\"vc_row wpb_row st bg-holder vc_custom_1611112894050 vc_row-has-fill\">\n<div class=\"container \">\n<div class=\"row\">\n<div class=\"wpb_column column_container col-md-6\">\n<div class=\"vc_column-inner wpb_wrapper\">\n<div class=\"vc_row wpb_row vc_inner\">\n<div class=\"wpb_column column_container col-md-3\">\n<div class=\"vc_column-inner\">\n<div class=\"wpb_wrapper\"><\/div>\n<\/div>\n<\/div>\n<\/div>\n<\/div>\n<\/div>\n<\/div>\n<\/div>\n<\/div>\n<\/footer>\n","protected":false},"excerpt":{"rendered":"<p>Definizioni 1.1 Nelle presenti Condizioni Generali, i seguenti termini (sia al singolare che al plurale) hanno i seguenti significati: \u2013 Condizioni Generali\u2019, le Condizioni Generali di Riviera Boat Party; \u2013 Evento\u2019, l\u2019evento pubblico o privato in cui \u2013 a titolo esemplificativo, ma non esclusivo \u2013 si svolge un\u2019attivit\u00e0 di carattere turistico, tra cui \u2013 ma [&hellip;]<\/p>\n","protected":false},"author":1,"featured_media":1429,"parent":0,"menu_order":0,"comment_status":"closed","ping_status":"closed","template":"","meta":{"footnotes":""},"class_list":["post-1428","page","type-page","status-publish","has-post-thumbnail","hentry"],"yoast_head":"<!-- This site is optimized with the Yoast SEO plugin v27.3 - https:\/\/yoast.com\/product\/yoast-seo-wordpress\/ -->\n<title>Termini e condizioni - Riviera Boat Party &amp; Yacht Charter<\/title>\n<meta name=\"description\" content=\"Scopri i termini e le condizioni di Riviera Boat Party. Tutte le informazioni legali sono disponibili su questa pagina!\" \/>\n<meta name=\"robots\" content=\"index, follow, max-snippet:-1, max-image-preview:large, max-video-preview:-1\" \/>\n<link rel=\"canonical\" href=\"https:\/\/rivieraboatparty.com\/it\/termini-e-condizioni\/\" \/>\n<meta property=\"og:locale\" content=\"it_IT\" \/>\n<meta property=\"og:type\" content=\"article\" \/>\n<meta property=\"og:title\" content=\"Termini e condizioni - Riviera Boat Party &amp; Yacht Charter\" \/>\n<meta property=\"og:description\" content=\"Scopri i termini e le condizioni di Riviera Boat Party. Tutte le informazioni legali sono disponibili su questa pagina!\" \/>\n<meta property=\"og:url\" content=\"https:\/\/rivieraboatparty.com\/it\/termini-e-condizioni\/\" \/>\n<meta property=\"og:site_name\" content=\"Riviera Boat Party &amp; Yacht Charter\" \/>\n<meta property=\"article:modified_time\" content=\"2023-06-26T17:48:33+00:00\" \/>\n<meta property=\"og:image\" content=\"https:\/\/rivieraboatparty.com\/wp-content\/uploads\/2023\/06\/TERMINI-E-CONDIZIONI-GENERALI-scaled.jpg\" \/>\n\t<meta property=\"og:image:width\" content=\"2560\" \/>\n\t<meta property=\"og:image:height\" content=\"1706\" \/>\n\t<meta property=\"og:image:type\" content=\"image\/jpeg\" \/>\n<meta name=\"twitter:card\" content=\"summary_large_image\" \/>\n<meta name=\"twitter:label1\" content=\"Tempo di lettura stimato\" \/>\n\t<meta name=\"twitter:data1\" content=\"6 minuti\" \/>\n<script type=\"application\/ld+json\" class=\"yoast-schema-graph\">{\"@context\":\"https:\\\/\\\/schema.org\",\"@graph\":[{\"@type\":\"WebPage\",\"@id\":\"https:\\\/\\\/rivieraboatparty.com\\\/it\\\/termini-e-condizioni\\\/\",\"url\":\"https:\\\/\\\/rivieraboatparty.com\\\/it\\\/termini-e-condizioni\\\/\",\"name\":\"Termini e condizioni - Riviera Boat Party &amp; Yacht Charter\",\"isPartOf\":{\"@id\":\"https:\\\/\\\/rivieraboatparty.com\\\/it\\\/#website\"},\"primaryImageOfPage\":{\"@id\":\"https:\\\/\\\/rivieraboatparty.com\\\/it\\\/termini-e-condizioni\\\/#primaryimage\"},\"image\":{\"@id\":\"https:\\\/\\\/rivieraboatparty.com\\\/it\\\/termini-e-condizioni\\\/#primaryimage\"},\"thumbnailUrl\":\"https:\\\/\\\/rivieraboatparty.com\\\/wp-content\\\/uploads\\\/2023\\\/06\\\/TERMINI-E-CONDIZIONI-GENERALI-scaled.jpg\",\"datePublished\":\"2023-06-26T17:08:26+00:00\",\"dateModified\":\"2023-06-26T17:48:33+00:00\",\"description\":\"Scopri i termini e le condizioni di Riviera Boat Party. Tutte le informazioni legali sono disponibili su questa pagina!\",\"breadcrumb\":{\"@id\":\"https:\\\/\\\/rivieraboatparty.com\\\/it\\\/termini-e-condizioni\\\/#breadcrumb\"},\"inLanguage\":\"it-IT\",\"potentialAction\":[{\"@type\":\"ReadAction\",\"target\":[\"https:\\\/\\\/rivieraboatparty.com\\\/it\\\/termini-e-condizioni\\\/\"]}]},{\"@type\":\"ImageObject\",\"inLanguage\":\"it-IT\",\"@id\":\"https:\\\/\\\/rivieraboatparty.com\\\/it\\\/termini-e-condizioni\\\/#primaryimage\",\"url\":\"https:\\\/\\\/rivieraboatparty.com\\\/wp-content\\\/uploads\\\/2023\\\/06\\\/TERMINI-E-CONDIZIONI-GENERALI-scaled.jpg\",\"contentUrl\":\"https:\\\/\\\/rivieraboatparty.com\\\/wp-content\\\/uploads\\\/2023\\\/06\\\/TERMINI-E-CONDIZIONI-GENERALI-scaled.jpg\",\"width\":2560,\"height\":1706,\"caption\":\"Termini e condizioni\"},{\"@type\":\"BreadcrumbList\",\"@id\":\"https:\\\/\\\/rivieraboatparty.com\\\/it\\\/termini-e-condizioni\\\/#breadcrumb\",\"itemListElement\":[{\"@type\":\"ListItem\",\"position\":1,\"name\":\"Accueil\",\"item\":\"https:\\\/\\\/rivieraboatparty.com\\\/it\\\/\"},{\"@type\":\"ListItem\",\"position\":2,\"name\":\"Termini e condizioni\"}]},{\"@type\":\"WebSite\",\"@id\":\"https:\\\/\\\/rivieraboatparty.com\\\/it\\\/#website\",\"url\":\"https:\\\/\\\/rivieraboatparty.com\\\/it\\\/\",\"name\":\"Riviera Boat Party &amp; Yacht Charter\",\"description\":\"Riviera Boat Party &amp; Yacht Charter | Cannes, Nice, Monaco French Riviera - C\u00f4te d&#039;Azur France\",\"potentialAction\":[{\"@type\":\"SearchAction\",\"target\":{\"@type\":\"EntryPoint\",\"urlTemplate\":\"https:\\\/\\\/rivieraboatparty.com\\\/it\\\/?s={search_term_string}\"},\"query-input\":{\"@type\":\"PropertyValueSpecification\",\"valueRequired\":true,\"valueName\":\"search_term_string\"}}],\"inLanguage\":\"it-IT\"}]}<\/script>\n<!-- \/ Yoast SEO plugin. -->","yoast_head_json":{"title":"Termini e condizioni - Riviera Boat Party &amp; Yacht Charter","description":"Scopri i termini e le condizioni di Riviera Boat Party. Tutte le informazioni legali sono disponibili su questa pagina!","robots":{"index":"index","follow":"follow","max-snippet":"max-snippet:-1","max-image-preview":"max-image-preview:large","max-video-preview":"max-video-preview:-1"},"canonical":"https:\/\/rivieraboatparty.com\/it\/termini-e-condizioni\/","og_locale":"it_IT","og_type":"article","og_title":"Termini e condizioni - Riviera Boat Party &amp; Yacht Charter","og_description":"Scopri i termini e le condizioni di Riviera Boat Party. Tutte le informazioni legali sono disponibili su questa pagina!","og_url":"https:\/\/rivieraboatparty.com\/it\/termini-e-condizioni\/","og_site_name":"Riviera Boat Party &amp; Yacht Charter","article_modified_time":"2023-06-26T17:48:33+00:00","og_image":[{"width":2560,"height":1706,"url":"https:\/\/rivieraboatparty.com\/wp-content\/uploads\/2023\/06\/TERMINI-E-CONDIZIONI-GENERALI-scaled.jpg","type":"image\/jpeg"}],"twitter_card":"summary_large_image","twitter_misc":{"Tempo di lettura stimato":"6 minuti"},"schema":{"@context":"https:\/\/schema.org","@graph":[{"@type":"WebPage","@id":"https:\/\/rivieraboatparty.com\/it\/termini-e-condizioni\/","url":"https:\/\/rivieraboatparty.com\/it\/termini-e-condizioni\/","name":"Termini e condizioni - Riviera Boat Party &amp; Yacht Charter","isPartOf":{"@id":"https:\/\/rivieraboatparty.com\/it\/#website"},"primaryImageOfPage":{"@id":"https:\/\/rivieraboatparty.com\/it\/termini-e-condizioni\/#primaryimage"},"image":{"@id":"https:\/\/rivieraboatparty.com\/it\/termini-e-condizioni\/#primaryimage"},"thumbnailUrl":"https:\/\/rivieraboatparty.com\/wp-content\/uploads\/2023\/06\/TERMINI-E-CONDIZIONI-GENERALI-scaled.jpg","datePublished":"2023-06-26T17:08:26+00:00","dateModified":"2023-06-26T17:48:33+00:00","description":"Scopri i termini e le condizioni di Riviera Boat Party. Tutte le informazioni legali sono disponibili su questa pagina!","breadcrumb":{"@id":"https:\/\/rivieraboatparty.com\/it\/termini-e-condizioni\/#breadcrumb"},"inLanguage":"it-IT","potentialAction":[{"@type":"ReadAction","target":["https:\/\/rivieraboatparty.com\/it\/termini-e-condizioni\/"]}]},{"@type":"ImageObject","inLanguage":"it-IT","@id":"https:\/\/rivieraboatparty.com\/it\/termini-e-condizioni\/#primaryimage","url":"https:\/\/rivieraboatparty.com\/wp-content\/uploads\/2023\/06\/TERMINI-E-CONDIZIONI-GENERALI-scaled.jpg","contentUrl":"https:\/\/rivieraboatparty.com\/wp-content\/uploads\/2023\/06\/TERMINI-E-CONDIZIONI-GENERALI-scaled.jpg","width":2560,"height":1706,"caption":"Termini e condizioni"},{"@type":"BreadcrumbList","@id":"https:\/\/rivieraboatparty.com\/it\/termini-e-condizioni\/#breadcrumb","itemListElement":[{"@type":"ListItem","position":1,"name":"Accueil","item":"https:\/\/rivieraboatparty.com\/it\/"},{"@type":"ListItem","position":2,"name":"Termini e condizioni"}]},{"@type":"WebSite","@id":"https:\/\/rivieraboatparty.com\/it\/#website","url":"https:\/\/rivieraboatparty.com\/it\/","name":"Riviera Boat Party &amp; Yacht Charter","description":"Riviera Boat Party &amp; Yacht Charter | Cannes, Nice, Monaco French Riviera - C\u00f4te d&#039;Azur France","potentialAction":[{"@type":"SearchAction","target":{"@type":"EntryPoint","urlTemplate":"https:\/\/rivieraboatparty.com\/it\/?s={search_term_string}"},"query-input":{"@type":"PropertyValueSpecification","valueRequired":true,"valueName":"search_term_string"}}],"inLanguage":"it-IT"}]}},"_links":{"self":[{"href":"https:\/\/rivieraboatparty.com\/it\/wp-json\/wp\/v2\/pages\/1428","targetHints":{"allow":["GET"]}}],"collection":[{"href":"https:\/\/rivieraboatparty.com\/it\/wp-json\/wp\/v2\/pages"}],"about":[{"href":"https:\/\/rivieraboatparty.com\/it\/wp-json\/wp\/v2\/types\/page"}],"author":[{"embeddable":true,"href":"https:\/\/rivieraboatparty.com\/it\/wp-json\/wp\/v2\/users\/1"}],"replies":[{"embeddable":true,"href":"https:\/\/rivieraboatparty.com\/it\/wp-json\/wp\/v2\/comments?post=1428"}],"version-history":[{"count":1,"href":"https:\/\/rivieraboatparty.com\/it\/wp-json\/wp\/v2\/pages\/1428\/revisions"}],"predecessor-version":[{"id":1434,"href":"https:\/\/rivieraboatparty.com\/it\/wp-json\/wp\/v2\/pages\/1428\/revisions\/1434"}],"wp:featuredmedia":[{"embeddable":true,"href":"https:\/\/rivieraboatparty.com\/it\/wp-json\/wp\/v2\/media\/1429"}],"wp:attachment":[{"href":"https:\/\/rivieraboatparty.com\/it\/wp-json\/wp\/v2\/media?parent=1428"}],"curies":[{"name":"wp","href":"https:\/\/api.w.org\/{rel}","templated":true}]}}